{"id":6399,"date":"2025-07-09T01:34:34","date_gmt":"2025-07-09T01:34:34","guid":{"rendered":"https:\/\/santedentaireso.com\/?page_id=6399"},"modified":"2026-01-08T19:26:56","modified_gmt":"2026-01-08T19:26:56","slug":"dents-de-sagesse","status":"publish","type":"page","link":"https:\/\/santedentaireso.com\/en\/dents-de-sagesse\/","title":{"rendered":"Wisdom teeth"},"content":{"rendered":"<p><\/p>\n\n\n<style>.kb-row-layout-id6399_9b803d-a7 > .kt-row-column-wrap{align-content:start;}:where(.kb-row-layout-id6399_9b803d-a7 > .kt-row-column-wrap) > .wp-block-kadence-column{justify-content:start;}.kb-row-layout-id6399_9b803d-a7 > .kt-row-column-wrap{column-gap:var(--global-kb-gap-md, 2rem);row-gap:var(--global-kb-gap-md, 2rem);padding-top:var(--global-kb-spacing-sm, 1.5rem);padding-bottom:var(--global-kb-spacing-sm, 1.5rem);grid-template-columns:repeat(2, minmax(0, 1fr));}.kb-row-layout-id6399_9b803d-a7 > .kt-row-layout-overlay{opacity:0.30;}@media all and (max-width: 1024px){.kb-row-layout-id6399_9b803d-a7 > .kt-row-column-wrap{grid-template-columns:repeat(2, minmax(0, 1fr));}}@media all and (max-width: 767px){.kb-row-layout-id6399_9b803d-a7 > .kt-row-column-wrap{grid-template-columns:minmax(0, 1fr);}}<\/style><div class=\"kb-row-layout-wrap kb-row-layout-id6399_9b803d-a7 alignnone wp-block-kadence-rowlayout\"><div class=\"kt-row-column-wrap kt-has-2-columns kt-row-layout-equal kt-tab-layout-inherit kt-mobile-layout-row kt-row-valign-top\">\n<style>.kadence-column6399_243000-f5 > .kt-inside-inner-col,.kadence-column6399_243000-f5 > .kt-inside-inner-col:before{border-top-left-radius:0px;border-top-right-radius:0px;border-bottom-right-radius:0px;border-bottom-left-radius:0px;}.kadence-column6399_243000-f5 > .kt-inside-inner-col{column-gap:var(--global-kb-gap-sm, 1rem);}.kadence-column6399_243000-f5 > .kt-inside-inner-col{flex-direction:column;}.kadence-column6399_243000-f5 > .kt-inside-inner-col > .aligncenter{width:100%;}.kadence-column6399_243000-f5 > .kt-inside-inner-col:before{opacity:0.3;}.kadence-column6399_243000-f5{position:relative;}@media all and (max-width: 1024px){.kadence-column6399_243000-f5 > .kt-inside-inner-col{flex-direction:column;justify-content:center;}}@media all and (max-width: 767px){.kadence-column6399_243000-f5 > .kt-inside-inner-col{flex-direction:column;justify-content:center;}}<\/style>\n<div class=\"wp-block-kadence-column kadence-column6399_243000-f5\"><div class=\"kt-inside-inner-col\">\n<p><\/p>\n\n\n\n<h1 class=\"wp-block-heading has-theme-palette-1-color has-text-color\">Everything you need to know about wisdom teeth<\/h1>\n\n\n\n<p>Wisdom teeth, also called third molars, are the last teeth to appear, usually between the ages of 17 and 25. They often don't fit comfortably in the jaw, which can lead to pain, infection, or crowding. Their extraction is sometimes necessary to prevent future complications. It's important to consult us to monitor their development and determine if surgery is recommended. Although sometimes asymptomatic, these teeth can cause discomfort, hence the importance of regular checkups to maintain oral health.<\/p>\n<\/div><\/div>\n\n\n<style>.kadence-column6399_e853be-f5 > .kt-inside-inner-col,.kadence-column6399_e853be-f5 > .kt-inside-inner-col:before{border-top-left-radius:0px;border-top-right-radius:0px;border-bottom-right-radius:0px;border-bottom-left-radius:0px;}.kadence-column6399_e853be-f5 > .kt-inside-inner-col{column-gap:var(--global-kb-gap-sm, 1rem);}.kadence-column6399_e853be-f5 > .kt-inside-inner-col{flex-direction:column;}.kadence-column6399_e853be-f5 > .kt-inside-inner-col > .aligncenter{width:100%;}.kadence-column6399_e853be-f5 > .kt-inside-inner-col:before{opacity:0.3;}.kadence-column6399_e853be-f5{position:relative;}@media all and (max-width: 1024px){.kadence-column6399_e853be-f5 > .kt-inside-inner-col{flex-direction:column;justify-content:center;}}@media all and (max-width: 767px){.kadence-column6399_e853be-f5 > .kt-inside-inner-col{flex-direction:column;justify-content:center;}}<\/style>\n<div class=\"wp-block-kadence-column kadence-column6399_e853be-f5\"><div class=\"kt-inside-inner-col\"><style>.kb-image6399_a4f296-97 .kb-image-has-overlay:after{opacity:0.3;}<\/style>\n<figure class=\"wp-block-kadence-image kb-image6399_a4f296-97\"><img data-recalc-dims=\"1\" loading=\"lazy\" decoding=\"async\" width=\"1024\" height=\"683\" data-attachment-id=\"6400\" data-permalink=\"https:\/\/santedentaireso.com\/en\/dents-de-sagesse\/dents-de-sagesse-sante-dentaire-so-a-ville-emard\/\" data-orig-file=\"https:\/\/i0.wp.com\/santedentaireso.com\/wp-content\/uploads\/2025\/07\/dents-de-sagesse-Sante-dentaire-SO-a-Ville-Emard.jpg?fit=1024%2C683&amp;ssl=1\" data-orig-size=\"1024,683\" data-comments-opened=\"1\" data-image-meta=\"{&quot;aperture&quot;:&quot;0&quot;,&quot;credit&quot;:&quot;&quot;,&quot;camera&quot;:&quot;&quot;,&quot;caption&quot;:&quot;&quot;,&quot;created_timestamp&quot;:&quot;0&quot;,&quot;copyright&quot;:&quot;&quot;,&quot;focal_length&quot;:&quot;0&quot;,&quot;iso&quot;:&quot;0&quot;,&quot;shutter_speed&quot;:&quot;0&quot;,&quot;title&quot;:&quot;&quot;,&quot;orientation&quot;:&quot;1&quot;}\" data-image-title=\"dents de sagesse &amp;#8211; Sante dentaire SO a Ville-Emard\" data-image-description=\"\" data-image-caption=\"\" data-medium-file=\"https:\/\/i0.wp.com\/santedentaireso.com\/wp-content\/uploads\/2025\/07\/dents-de-sagesse-Sante-dentaire-SO-a-Ville-Emard.jpg?fit=300%2C200&amp;ssl=1\" data-large-file=\"https:\/\/i0.wp.com\/santedentaireso.com\/wp-content\/uploads\/2025\/07\/dents-de-sagesse-Sante-dentaire-SO-a-Ville-Emard.jpg?fit=1024%2C683&amp;ssl=1\" src=\"https:\/\/i0.wp.com\/santedentaireso.com\/wp-content\/uploads\/2025\/07\/dents-de-sagesse-Sante-dentaire-SO-a-Ville-Emard.jpg?resize=1024%2C683&#038;ssl=1\" alt=\"dents de sagesse - Sante dentaire SO a Ville-Emard\" class=\"kb-img wp-image-6400\" srcset=\"https:\/\/i0.wp.com\/santedentaireso.com\/wp-content\/uploads\/2025\/07\/dents-de-sagesse-Sante-dentaire-SO-a-Ville-Emard.jpg?w=1024&amp;ssl=1 1024w, https:\/\/i0.wp.com\/santedentaireso.com\/wp-content\/uploads\/2025\/07\/dents-de-sagesse-Sante-dentaire-SO-a-Ville-Emard.jpg?resize=300%2C200&amp;ssl=1 300w, https:\/\/i0.wp.com\/santedentaireso.com\/wp-content\/uploads\/2025\/07\/dents-de-sagesse-Sante-dentaire-SO-a-Ville-Emard.jpg?resize=768%2C512&amp;ssl=1 768w, https:\/\/i0.wp.com\/santedentaireso.com\/wp-content\/uploads\/2025\/07\/dents-de-sagesse-Sante-dentaire-SO-a-Ville-Emard.jpg?resize=18%2C12&amp;ssl=1 18w\" sizes=\"auto, (max-width: 1024px) 100vw, 1024px\" \/><\/figure>\n<\/div><\/div>\n\n<\/div><\/div>\n\n\n<h2 class=\"wp-block-heading\"><mark style=\"background-color:rgba(0, 0, 0, 0)\" class=\"has-inline-color has-theme-palette-1-color\">Why is it better to have wisdom teeth extracted in many cases?<\/mark><\/h2>\n\n\n\n<p>In many cases, wisdom teeth extraction is best done to avoid future complications. These teeth, often misaligned or partially erupted, can cause pain, infection, or inflammation. They can also damage neighboring teeth, lead to cysts, or jaw abnormalities. When wisdom teeth don't have enough space to erupt properly, their extraction becomes necessary to maintain overall oral health. Additionally, removing wisdom teeth early can reduce the risk of complications and facilitate recovery.<\/p>\n\n\n\n<h2 class=\"wp-block-heading\"><mark style=\"background-color:rgba(0, 0, 0, 0)\" class=\"has-inline-color has-theme-palette-1-color\">Is it painful to have your wisdom teeth removed?<\/mark><\/h2>\n\n\n\n<p>Wisdom tooth extraction can be a concern, but most patients don't experience significant pain thanks to local anesthesia. During the procedure, you'll only feel a sensation of pressure, and post-operative pain can be effectively managed with medication prescribed by your dentist. The key to minimizing discomfort is to carefully follow the post-procedure care guidelines. While the idea may seem daunting, most patients find the extraction quick and relatively painless, especially when performed by our experienced professionals.<\/p>\n\n\n\n<h3 class=\"wp-block-heading\"><mark style=\"background-color:rgba(0, 0, 0, 0)\" class=\"has-inline-color has-theme-palette-1-color\">Would you like to find out more or make an appointment?<\/mark><\/h3>\n\n\n\n<p>Book an appointment today to benefit from our quality dental services! With iFinance and the Dentalcard, you can easily finance your dental treatments while maintaining your budget. <\/p>\n\n\n\n<p><a href=\"https:\/\/santedentaireso.com\/en\/contact\/\">Contact us for more informations !<\/a> Contact us for more informations<\/p>\n\n\n<style>.wp-block-kadence-advancedbtn.kb-btns6399_b86263-bc{gap:var(--global-kb-gap-xs, 0.5rem );justify-content:center;align-items:center;}.kt-btns6399_b86263-bc .kt-button{font-weight:normal;font-style:normal;}.kt-btns6399_b86263-bc .kt-btn-wrap-0{margin-right:5px;}.wp-block-kadence-advancedbtn.kt-btns6399_b86263-bc .kt-btn-wrap-0 .kt-button{color:#555555;border-color:#555555;}.wp-block-kadence-advancedbtn.kt-btns6399_b86263-bc .kt-btn-wrap-0 .kt-button:hover, .wp-block-kadence-advancedbtn.kt-btns6399_b86263-bc .kt-btn-wrap-0 .kt-button:focus{color:#ffffff;border-color:#444444;}.wp-block-kadence-advancedbtn.kt-btns6399_b86263-bc .kt-btn-wrap-0 .kt-button::before{display:none;}.wp-block-kadence-advancedbtn.kt-btns6399_b86263-bc .kt-btn-wrap-0 .kt-button:hover, .wp-block-kadence-advancedbtn.kt-btns6399_b86263-bc .kt-btn-wrap-0 .kt-button:focus{background:#444444;}<\/style>\n<div class=\"wp-block-kadence-advancedbtn kb-buttons-wrap kb-btns6399_b86263-bc\"><style>ul.menu .wp-block-kadence-advancedbtn .kb-btn6399_5b1121-82.kb-button{width:initial;}<\/style><a class=\"kb-button kt-button button kb-btn6399_5b1121-82 kt-btn-size-standard kt-btn-width-type-auto kb-btn-global-inherit  kt-btn-has-text-true kt-btn-has-svg-false  wp-block-button__link wp-block-kadence-singlebtn\" href=\"https:\/\/santedentaireso.com\/en\/contact\/\"><span class=\"kt-btn-inner-text\">Prendre rendez-vous<\/span><\/a><\/div>\n\n\n\n<p class=\"has-theme-palette-7-color has-text-color\">dentist office\tdental hygiene center\tdental center near me\ndental surgeon\tdentist\tcosmetic dentist surgeon\ndental clinic\tdentist consultation\tbroken tooth\ndentist crown\tgeneral dentist\tdentist dental cleaning\nteeth cleaning\tdental cleaning\tdentist cleaning\nwhat to do for a toothache dentist\tdental check-up appointment\tdental care\ndentist care\taesthetic dental treatment\tdentist treatment\nbad breath treatment\tdentist ville-\u00e9mard\ttooth crown\nveneer near me\troot canal treatment\tteeth grinding treatment\nfacette au dentiste\ttooth extraction\tteeth extractions\nwisdom teeth\twisdom teeth removal\twisdom teeth surgery\nesthetic dentistry\tdental scan <\/p>\n\n\n\n<p class=\"has-theme-palette-7-color has-text-color\">cavity dentist\tdental filling\tdentist filling\ndentist for fillings\testhetic filling\tfallen filling\nfill a cavity\tfilling for my cavity\tfilling restoration\nfix my filling\ti broke my filling\tmy dental filling came off\nrepair a cavity\trepair a cavity ville-\u00e9mard\ttooth fillings\nville-\u00e9mard filling<\/p>","protected":false},"excerpt":{"rendered":"<p>Tout savoir sur les dents de sagesse Les dents de sagesse, aussi appel\u00e9es troisi\u00e8me molaires, sont les derni\u00e8res dents \u00e0 appara\u00eetre, g\u00e9n\u00e9ralement entre 17 et 25 ans. Souvent, elles ne trouvent pas suffisamment de place dans la m\u00e2choire, ce qui peut entra\u00eener des douleurs, des infections ou des encombrements. Leur extraction est parfois n\u00e9cessaire pour&#8230;<\/p>","protected":false},"author":1,"featured_media":6400,"parent":0,"menu_order":0,"comment_status":"closed","ping_status":"closed","template":"","meta":{"_kad_post_transparent":"","_kad_post_title":"hide","_kad_post_layout":"","_kad_post_sidebar_id":"","_kad_post_content_style":"unboxed","_kad_post_vertical_padding":"","_kad_post_feature":"","_kad_post_feature_position":"","_kad_post_header":false,"_kad_post_footer":false,"jetpack_post_was_ever_published":false,"footnotes":""},"class_list":["post-6399","page","type-page","status-publish","has-post-thumbnail","hentry"],"yoast_head":"<!-- This site is optimized with the Yoast SEO plugin v27.1.1 - https:\/\/yoast.com\/product\/yoast-seo-wordpress\/ -->\n<title>Dents de sagesse | Extraction sans douleur | Sant\u00e9 dentaire SO<\/title>\n<meta name=\"description\" content=\"L&#039;extraction des dents de sagesse peut susciter des inqui\u00e9tudes. Notre \u00e9quipe met tout en place pour rendre votre exp\u00e9rience agr\u00e9able!\" \/>\n<meta name=\"robots\" content=\"index, follow, max-snippet:-1, max-image-preview:large, max-video-preview:-1\" \/>\n<link rel=\"canonical\" href=\"https:\/\/santedentaireso.com\/en\/dents-de-sagesse\/\" \/>\n<meta property=\"og:locale\" content=\"en_US\" \/>\n<meta property=\"og:type\" content=\"article\" \/>\n<meta property=\"og:title\" content=\"Dents de sagesse | Extraction sans douleur | Sant\u00e9 dentaire SO\" \/>\n<meta property=\"og:description\" content=\"L&#039;extraction des dents de sagesse peut susciter des inqui\u00e9tudes. Notre \u00e9quipe met tout en place pour rendre votre exp\u00e9rience agr\u00e9able!\" \/>\n<meta property=\"og:url\" content=\"https:\/\/santedentaireso.com\/en\/dents-de-sagesse\/\" \/>\n<meta property=\"article:publisher\" content=\"https:\/\/www.facebook.com\/santedentaireSO\/\" \/>\n<meta property=\"article:modified_time\" content=\"2026-01-08T19:26:56+00:00\" \/>\n<meta property=\"og:image\" content=\"https:\/\/santedentaireso.com\/wp-content\/uploads\/2025\/07\/dents-de-sagesse-Sante-dentaire-SO-a-Ville-Emard.jpg\" \/>\n\t<meta property=\"og:image:width\" content=\"1024\" \/>\n\t<meta property=\"og:image:height\" content=\"683\" \/>\n\t<meta property=\"og:image:type\" content=\"image\/jpeg\" \/>\n<meta name=\"twitter:card\" content=\"summary_large_image\" \/>\n<meta name=\"twitter:label1\" content=\"Est. reading time\" \/>\n\t<meta name=\"twitter:data1\" content=\"3 minutes\" \/>\n<script type=\"application\/ld+json\" class=\"yoast-schema-graph\">{\"@context\":\"https:\/\/schema.org\",\"@graph\":[{\"@type\":\"WebPage\",\"@id\":\"https:\/\/santedentaireso.com\/dents-de-sagesse\/\",\"url\":\"https:\/\/santedentaireso.com\/dents-de-sagesse\/\",\"name\":\"Dents de sagesse | Extraction sans douleur | Sant\u00e9 dentaire SO\",\"isPartOf\":{\"@id\":\"https:\/\/santedentaireso.com\/#website\"},\"primaryImageOfPage\":{\"@id\":\"https:\/\/santedentaireso.com\/dents-de-sagesse\/#primaryimage\"},\"image\":{\"@id\":\"https:\/\/santedentaireso.com\/dents-de-sagesse\/#primaryimage\"},\"thumbnailUrl\":\"https:\/\/i0.wp.com\/santedentaireso.com\/wp-content\/uploads\/2025\/07\/dents-de-sagesse-Sante-dentaire-SO-a-Ville-Emard.jpg?fit=1024%2C683&ssl=1\",\"datePublished\":\"2025-07-09T01:34:34+00:00\",\"dateModified\":\"2026-01-08T19:26:56+00:00\",\"description\":\"L'extraction des dents de sagesse peut susciter des inqui\u00e9tudes. Notre \u00e9quipe met tout en place pour rendre votre exp\u00e9rience agr\u00e9able!\",\"breadcrumb\":{\"@id\":\"https:\/\/santedentaireso.com\/dents-de-sagesse\/#breadcrumb\"},\"inLanguage\":\"en-CA\",\"potentialAction\":[{\"@type\":\"ReadAction\",\"target\":[\"https:\/\/santedentaireso.com\/dents-de-sagesse\/\"]}]},{\"@type\":\"ImageObject\",\"inLanguage\":\"en-CA\",\"@id\":\"https:\/\/santedentaireso.com\/dents-de-sagesse\/#primaryimage\",\"url\":\"https:\/\/i0.wp.com\/santedentaireso.com\/wp-content\/uploads\/2025\/07\/dents-de-sagesse-Sante-dentaire-SO-a-Ville-Emard.jpg?fit=1024%2C683&ssl=1\",\"contentUrl\":\"https:\/\/i0.wp.com\/santedentaireso.com\/wp-content\/uploads\/2025\/07\/dents-de-sagesse-Sante-dentaire-SO-a-Ville-Emard.jpg?fit=1024%2C683&ssl=1\",\"width\":1024,\"height\":683,\"caption\":\"dents de sagesse - Sante dentaire SO a Ville-Emard\"},{\"@type\":\"BreadcrumbList\",\"@id\":\"https:\/\/santedentaireso.com\/dents-de-sagesse\/#breadcrumb\",\"itemListElement\":[{\"@type\":\"ListItem\",\"position\":1,\"name\":\"Accueil\",\"item\":\"https:\/\/santedentaireso.com\/\"},{\"@type\":\"ListItem\",\"position\":2,\"name\":\"Dents de sagesse\"}]},{\"@type\":\"WebSite\",\"@id\":\"https:\/\/santedentaireso.com\/#website\",\"url\":\"https:\/\/santedentaireso.com\/\",\"name\":\"\",\"description\":\"Votre clinique dentaire dans le sud-ouest de Montr\u00e9al\",\"publisher\":{\"@id\":\"https:\/\/santedentaireso.com\/#organization\"},\"potentialAction\":[{\"@type\":\"SearchAction\",\"target\":{\"@type\":\"EntryPoint\",\"urlTemplate\":\"https:\/\/santedentaireso.com\/?s={search_term_string}\"},\"query-input\":{\"@type\":\"PropertyValueSpecification\",\"valueRequired\":true,\"valueName\":\"search_term_string\"}}],\"inLanguage\":\"en-CA\"},{\"@type\":\"Organization\",\"@id\":\"https:\/\/santedentaireso.com\/#organization\",\"name\":\"Sant\u00e9 dentaire SO\",\"url\":\"https:\/\/santedentaireso.com\/\",\"logo\":{\"@type\":\"ImageObject\",\"inLanguage\":\"en-CA\",\"@id\":\"https:\/\/santedentaireso.com\/#\/schema\/logo\/image\/\",\"url\":\"https:\/\/i0.wp.com\/santedentaireso.com\/wp-content\/uploads\/2021\/05\/cropped-cropped-Capture-decran-le-2021-05-26-a-16.19.35.png?fit=400%2C400&ssl=1\",\"contentUrl\":\"https:\/\/i0.wp.com\/santedentaireso.com\/wp-content\/uploads\/2021\/05\/cropped-cropped-Capture-decran-le-2021-05-26-a-16.19.35.png?fit=400%2C400&ssl=1\",\"width\":400,\"height\":400,\"caption\":\"Sant\u00e9 dentaire SO\"},\"image\":{\"@id\":\"https:\/\/santedentaireso.com\/#\/schema\/logo\/image\/\"},\"sameAs\":[\"https:\/\/www.facebook.com\/santedentaireSO\/\"]}]}<\/script>\n<!-- \/ Yoast SEO plugin. -->","yoast_head_json":{"title":"Dents de sagesse | Extraction sans douleur | Sant\u00e9 dentaire SO","description":"L'extraction des dents de sagesse peut susciter des inqui\u00e9tudes. Notre \u00e9quipe met tout en place pour rendre votre exp\u00e9rience agr\u00e9able!","robots":{"index":"index","follow":"follow","max-snippet":"max-snippet:-1","max-image-preview":"max-image-preview:large","max-video-preview":"max-video-preview:-1"},"canonical":"https:\/\/santedentaireso.com\/en\/dents-de-sagesse\/","og_locale":"en_US","og_type":"article","og_title":"Dents de sagesse | Extraction sans douleur | Sant\u00e9 dentaire SO","og_description":"L'extraction des dents de sagesse peut susciter des inqui\u00e9tudes. Notre \u00e9quipe met tout en place pour rendre votre exp\u00e9rience agr\u00e9able!","og_url":"https:\/\/santedentaireso.com\/en\/dents-de-sagesse\/","article_publisher":"https:\/\/www.facebook.com\/santedentaireSO\/","article_modified_time":"2026-01-08T19:26:56+00:00","og_image":[{"width":1024,"height":683,"url":"https:\/\/santedentaireso.com\/wp-content\/uploads\/2025\/07\/dents-de-sagesse-Sante-dentaire-SO-a-Ville-Emard.jpg","type":"image\/jpeg"}],"twitter_card":"summary_large_image","twitter_misc":{"Est. reading time":"3 minutes"},"schema":{"@context":"https:\/\/schema.org","@graph":[{"@type":"WebPage","@id":"https:\/\/santedentaireso.com\/dents-de-sagesse\/","url":"https:\/\/santedentaireso.com\/dents-de-sagesse\/","name":"Dents de sagesse | Extraction sans douleur | Sant\u00e9 dentaire SO","isPartOf":{"@id":"https:\/\/santedentaireso.com\/#website"},"primaryImageOfPage":{"@id":"https:\/\/santedentaireso.com\/dents-de-sagesse\/#primaryimage"},"image":{"@id":"https:\/\/santedentaireso.com\/dents-de-sagesse\/#primaryimage"},"thumbnailUrl":"https:\/\/i0.wp.com\/santedentaireso.com\/wp-content\/uploads\/2025\/07\/dents-de-sagesse-Sante-dentaire-SO-a-Ville-Emard.jpg?fit=1024%2C683&ssl=1","datePublished":"2025-07-09T01:34:34+00:00","dateModified":"2026-01-08T19:26:56+00:00","description":"L'extraction des dents de sagesse peut susciter des inqui\u00e9tudes. Notre \u00e9quipe met tout en place pour rendre votre exp\u00e9rience agr\u00e9able!","breadcrumb":{"@id":"https:\/\/santedentaireso.com\/dents-de-sagesse\/#breadcrumb"},"inLanguage":"en-CA","potentialAction":[{"@type":"ReadAction","target":["https:\/\/santedentaireso.com\/dents-de-sagesse\/"]}]},{"@type":"ImageObject","inLanguage":"en-CA","@id":"https:\/\/santedentaireso.com\/dents-de-sagesse\/#primaryimage","url":"https:\/\/i0.wp.com\/santedentaireso.com\/wp-content\/uploads\/2025\/07\/dents-de-sagesse-Sante-dentaire-SO-a-Ville-Emard.jpg?fit=1024%2C683&ssl=1","contentUrl":"https:\/\/i0.wp.com\/santedentaireso.com\/wp-content\/uploads\/2025\/07\/dents-de-sagesse-Sante-dentaire-SO-a-Ville-Emard.jpg?fit=1024%2C683&ssl=1","width":1024,"height":683,"caption":"dents de sagesse - Sante dentaire SO a Ville-Emard"},{"@type":"BreadcrumbList","@id":"https:\/\/santedentaireso.com\/dents-de-sagesse\/#breadcrumb","itemListElement":[{"@type":"ListItem","position":1,"name":"Accueil","item":"https:\/\/santedentaireso.com\/"},{"@type":"ListItem","position":2,"name":"Dents de sagesse"}]},{"@type":"WebSite","@id":"https:\/\/santedentaireso.com\/#website","url":"https:\/\/santedentaireso.com\/","name":"","description":"Votre clinique dentaire dans le sud-ouest de Montr\u00e9al","publisher":{"@id":"https:\/\/santedentaireso.com\/#organization"},"potentialAction":[{"@type":"SearchAction","target":{"@type":"EntryPoint","urlTemplate":"https:\/\/santedentaireso.com\/?s={search_term_string}"},"query-input":{"@type":"PropertyValueSpecification","valueRequired":true,"valueName":"search_term_string"}}],"inLanguage":"en-CA"},{"@type":"Organization","@id":"https:\/\/santedentaireso.com\/#organization","name":"Sant\u00e9 dentaire SO","url":"https:\/\/santedentaireso.com\/","logo":{"@type":"ImageObject","inLanguage":"en-CA","@id":"https:\/\/santedentaireso.com\/#\/schema\/logo\/image\/","url":"https:\/\/i0.wp.com\/santedentaireso.com\/wp-content\/uploads\/2021\/05\/cropped-cropped-Capture-decran-le-2021-05-26-a-16.19.35.png?fit=400%2C400&ssl=1","contentUrl":"https:\/\/i0.wp.com\/santedentaireso.com\/wp-content\/uploads\/2021\/05\/cropped-cropped-Capture-decran-le-2021-05-26-a-16.19.35.png?fit=400%2C400&ssl=1","width":400,"height":400,"caption":"Sant\u00e9 dentaire SO"},"image":{"@id":"https:\/\/santedentaireso.com\/#\/schema\/logo\/image\/"},"sameAs":["https:\/\/www.facebook.com\/santedentaireSO\/"]}]}},"jetpack_sharing_enabled":true,"jetpack_shortlink":"https:\/\/wp.me\/Pa5GJh-1Fd","jetpack_likes_enabled":false,"_links":{"self":[{"href":"https:\/\/santedentaireso.com\/en\/wp-json\/wp\/v2\/pages\/6399","targetHints":{"allow":["GET"]}}],"collection":[{"href":"https:\/\/santedentaireso.com\/en\/wp-json\/wp\/v2\/pages"}],"about":[{"href":"https:\/\/santedentaireso.com\/en\/wp-json\/wp\/v2\/types\/page"}],"author":[{"embeddable":true,"href":"https:\/\/santedentaireso.com\/en\/wp-json\/wp\/v2\/users\/1"}],"replies":[{"embeddable":true,"href":"https:\/\/santedentaireso.com\/en\/wp-json\/wp\/v2\/comments?post=6399"}],"version-history":[{"count":2,"href":"https:\/\/santedentaireso.com\/en\/wp-json\/wp\/v2\/pages\/6399\/revisions"}],"predecessor-version":[{"id":6772,"href":"https:\/\/santedentaireso.com\/en\/wp-json\/wp\/v2\/pages\/6399\/revisions\/6772"}],"wp:featuredmedia":[{"embeddable":true,"href":"https:\/\/santedentaireso.com\/en\/wp-json\/wp\/v2\/media\/6400"}],"wp:attachment":[{"href":"https:\/\/santedentaireso.com\/en\/wp-json\/wp\/v2\/media?parent=6399"}],"curies":[{"name":"wp","href":"https:\/\/api.w.org\/{rel}","templated":true}]}}