{"id":6303,"date":"2025-04-16T17:34:59","date_gmt":"2025-04-16T17:34:59","guid":{"rendered":"https:\/\/santedentaireso.com\/?page_id=6303"},"modified":"2026-01-08T19:23:15","modified_gmt":"2026-01-08T19:23:15","slug":"financement-dentaire","status":"publish","type":"page","link":"https:\/\/santedentaireso.com\/en\/financement-dentaire\/","title":{"rendered":"Dental financing"},"content":{"rendered":"<p><\/p>\n\n\n<style>.kb-row-layout-id6303_50d543-0c > .kt-row-column-wrap{align-content:start;}:where(.kb-row-layout-id6303_50d543-0c > .kt-row-column-wrap) > .wp-block-kadence-column{justify-content:start;}.kb-row-layout-id6303_50d543-0c > .kt-row-column-wrap{column-gap:var(--global-kb-gap-md, 2rem);row-gap:var(--global-kb-gap-md, 2rem);padding-top:var(--global-kb-spacing-sm, 1.5rem);padding-bottom:var(--global-kb-spacing-sm, 1.5rem);grid-template-columns:repeat(2, minmax(0, 1fr));}.kb-row-layout-id6303_50d543-0c > .kt-row-layout-overlay{opacity:0.30;}@media all and (max-width: 1024px){.kb-row-layout-id6303_50d543-0c > .kt-row-column-wrap{grid-template-columns:repeat(2, minmax(0, 1fr));}}@media all and (max-width: 767px){.kb-row-layout-id6303_50d543-0c > .kt-row-column-wrap{grid-template-columns:minmax(0, 1fr);}}<\/style><div class=\"kb-row-layout-wrap kb-row-layout-id6303_50d543-0c alignnone wp-block-kadence-rowlayout\"><div class=\"kt-row-column-wrap kt-has-2-columns kt-row-layout-equal kt-tab-layout-inherit kt-mobile-layout-row kt-row-valign-top\">\n<style>.kadence-column6303_f2ca48-33 > .kt-inside-inner-col,.kadence-column6303_f2ca48-33 > .kt-inside-inner-col:before{border-top-left-radius:0px;border-top-right-radius:0px;border-bottom-right-radius:0px;border-bottom-left-radius:0px;}.kadence-column6303_f2ca48-33 > .kt-inside-inner-col{column-gap:var(--global-kb-gap-sm, 1rem);}.kadence-column6303_f2ca48-33 > .kt-inside-inner-col{flex-direction:column;}.kadence-column6303_f2ca48-33 > .kt-inside-inner-col > .aligncenter{width:100%;}.kadence-column6303_f2ca48-33 > .kt-inside-inner-col:before{opacity:0.3;}.kadence-column6303_f2ca48-33{position:relative;}@media all and (max-width: 1024px){.kadence-column6303_f2ca48-33 > .kt-inside-inner-col{flex-direction:column;justify-content:center;}}@media all and (max-width: 767px){.kadence-column6303_f2ca48-33 > .kt-inside-inner-col{flex-direction:column;justify-content:center;}}<\/style>\n<div class=\"wp-block-kadence-column kadence-column6303_f2ca48-33\"><div class=\"kt-inside-inner-col\">\n<p><\/p>\n\n\n\n<h1 class=\"wp-block-heading has-theme-palette-1-color has-text-color\">Affordable, fast and easy dental financing with Dentalcard from iFinance<\/h1>\n\n\n\n<p>iFinance's Dentalcard is the ideal solution for those looking for affordable, fast and easy dental financing. With competitive rates and flexible terms, this card can cover a wide range of dental treatments, from simple consultations to more complex treatments. The application process is simplified, with rapid approval, allowing patients to focus on their oral health without worrying about cost. Enjoy a hassle-free experience with Dentalcard and restore your radiant smile with complete peace of mind.<\/p>\n<\/div><\/div>\n\n\n<style>.kadence-column6303_f0c15c-73 > .kt-inside-inner-col,.kadence-column6303_f0c15c-73 > .kt-inside-inner-col:before{border-top-left-radius:0px;border-top-right-radius:0px;border-bottom-right-radius:0px;border-bottom-left-radius:0px;}.kadence-column6303_f0c15c-73 > .kt-inside-inner-col{column-gap:var(--global-kb-gap-sm, 1rem);}.kadence-column6303_f0c15c-73 > .kt-inside-inner-col{flex-direction:column;}.kadence-column6303_f0c15c-73 > .kt-inside-inner-col > .aligncenter{width:100%;}.kadence-column6303_f0c15c-73 > .kt-inside-inner-col:before{opacity:0.3;}.kadence-column6303_f0c15c-73{position:relative;}@media all and (max-width: 1024px){.kadence-column6303_f0c15c-73 > .kt-inside-inner-col{flex-direction:column;justify-content:center;}}@media all and (max-width: 767px){.kadence-column6303_f0c15c-73 > .kt-inside-inner-col{flex-direction:column;justify-content:center;}}<\/style>\n<div class=\"wp-block-kadence-column kadence-column6303_f0c15c-73\"><div class=\"kt-inside-inner-col\"><style>.kb-image6303_99ae41-51 .kb-image-has-overlay:after{opacity:0.3;}<\/style>\n<figure class=\"wp-block-kadence-image kb-image6303_99ae41-51 size-large\"><img data-recalc-dims=\"1\" loading=\"lazy\" decoding=\"async\" width=\"1024\" height=\"682\" data-attachment-id=\"6305\" data-permalink=\"https:\/\/santedentaireso.com\/en\/financement-dentaire\/financement-dentaire-dental-financing-sante-dentaire-so\/\" data-orig-file=\"https:\/\/i0.wp.com\/santedentaireso.com\/wp-content\/uploads\/2025\/04\/financement-dentaire-dental-financing-Sante-dentaire-SO.jpg?fit=1280%2C853&amp;ssl=1\" data-orig-size=\"1280,853\" data-comments-opened=\"1\" data-image-meta=\"{&quot;aperture&quot;:&quot;0&quot;,&quot;credit&quot;:&quot;&quot;,&quot;camera&quot;:&quot;&quot;,&quot;caption&quot;:&quot;&quot;,&quot;created_timestamp&quot;:&quot;0&quot;,&quot;copyright&quot;:&quot;&quot;,&quot;focal_length&quot;:&quot;0&quot;,&quot;iso&quot;:&quot;0&quot;,&quot;shutter_speed&quot;:&quot;0&quot;,&quot;title&quot;:&quot;&quot;,&quot;orientation&quot;:&quot;1&quot;}\" data-image-title=\"financement dentaire &amp;#8211; dental financing &amp;#8211; Sante dentaire SO\" data-image-description=\"\" data-image-caption=\"\" data-large-file=\"https:\/\/i0.wp.com\/santedentaireso.com\/wp-content\/uploads\/2025\/04\/financement-dentaire-dental-financing-Sante-dentaire-SO.jpg?fit=1024%2C682&amp;ssl=1\" src=\"https:\/\/i0.wp.com\/santedentaireso.com\/wp-content\/uploads\/2025\/04\/financement-dentaire-dental-financing-Sante-dentaire-SO.jpg?resize=1024%2C682&#038;ssl=1\" alt=\"financement dentaire - dental financing - Sante dentaire SO\" class=\"kb-img wp-image-6305\" srcset=\"https:\/\/i0.wp.com\/santedentaireso.com\/wp-content\/uploads\/2025\/04\/financement-dentaire-dental-financing-Sante-dentaire-SO.jpg?resize=1024%2C682&amp;ssl=1 1024w, https:\/\/i0.wp.com\/santedentaireso.com\/wp-content\/uploads\/2025\/04\/financement-dentaire-dental-financing-Sante-dentaire-SO.jpg?resize=300%2C200&amp;ssl=1 300w, https:\/\/i0.wp.com\/santedentaireso.com\/wp-content\/uploads\/2025\/04\/financement-dentaire-dental-financing-Sante-dentaire-SO.jpg?resize=768%2C512&amp;ssl=1 768w, https:\/\/i0.wp.com\/santedentaireso.com\/wp-content\/uploads\/2025\/04\/financement-dentaire-dental-financing-Sante-dentaire-SO.jpg?resize=18%2C12&amp;ssl=1 18w, https:\/\/i0.wp.com\/santedentaireso.com\/wp-content\/uploads\/2025\/04\/financement-dentaire-dental-financing-Sante-dentaire-SO.jpg?resize=1200%2C800&amp;ssl=1 1200w, https:\/\/i0.wp.com\/santedentaireso.com\/wp-content\/uploads\/2025\/04\/financement-dentaire-dental-financing-Sante-dentaire-SO.jpg?w=1280&amp;ssl=1 1280w\" sizes=\"auto, (max-width: 1024px) 100vw, 1024px\" \/><\/figure>\n<\/div><\/div>\n\n<\/div><\/div>\n\n\n<h2 class=\"wp-block-heading\"><mark style=\"background-color:rgba(0, 0, 0, 0)\" class=\"has-inline-color has-theme-palette-1-color\">What dental services does iFinance Dentalcard cover?<\/mark><\/h2>\n\n\n\n<p>Dental costs can be a real obstacle for many people wishing to improve their oral health. Whether for preventive care, orthodontics or more advanced treatments, the cost can often discourage patients. With iFinance, you have access to financing solutions tailored to your needs. With our flexible payment plans, we help you manage the costs associated with your dental treatment without compromising quality of care. This allows you to benefit from necessary interventions while spreading payments over a period that suits you. With iFinance, don't let financial concerns stand in the way of a healthy, radiant smile. <\/p>\n\n\n\n<h2 class=\"wp-block-heading\"><mark style=\"background-color:rgba(0, 0, 0, 0)\" class=\"has-inline-color has-theme-palette-1-color\">Find out more about Dentalcard from iFinance<\/mark><\/h2>\n\n\n\n<p><a href=\"https:\/\/ifinancecanada.com\/dentalcard-dental-financing\/\">https:\/\/ifinancecanada.com\/dentalcard-dental-financing\/<\/a><\/p>\n\n\n\n<p>You'll find detailed information on the benefits of this card, including simplified payments and accessible amounts. The platform guides you step by step to understand how Dentalcard can improve your experience. Don't miss the opportunity to invest in your oral health!<\/p>\n\n\n\n<h3 class=\"wp-block-heading\"><mark style=\"background-color:rgba(0, 0, 0, 0)\" class=\"has-inline-color has-theme-palette-1-color\">Would you like to find out more or make an appointment?<\/mark><\/h3>\n\n\n\n<p>Make an appointment today to benefit from our quality dental services! With iFinance and Dentalcard, you can easily finance your dental treatment while preserving your budget. Our flexible solutions are tailored to your needs. <\/p>\n\n\n\n<p class=\"translation-block\"><a href=\"\/\/santedentaireso.com\/en\/contact\/\u201d\/\" target=\"\u201c_self\u201d\">Contact us<\/a> for more information and take the first step towards a healthy, radiant smile.<\/p>\n\n\n<style>.wp-block-kadence-advancedbtn.kb-btns6303_25cdd9-9d{gap:var(--global-kb-gap-xs, 0.5rem );justify-content:center;align-items:center;}.kt-btns6303_25cdd9-9d .kt-button{font-weight:normal;font-style:normal;}.kt-btns6303_25cdd9-9d .kt-btn-wrap-0{margin-right:5px;}.wp-block-kadence-advancedbtn.kt-btns6303_25cdd9-9d .kt-btn-wrap-0 .kt-button{color:#555555;border-color:#555555;}.wp-block-kadence-advancedbtn.kt-btns6303_25cdd9-9d .kt-btn-wrap-0 .kt-button:hover, .wp-block-kadence-advancedbtn.kt-btns6303_25cdd9-9d .kt-btn-wrap-0 .kt-button:focus{color:#ffffff;border-color:#444444;}.wp-block-kadence-advancedbtn.kt-btns6303_25cdd9-9d .kt-btn-wrap-0 .kt-button::before{display:none;}.wp-block-kadence-advancedbtn.kt-btns6303_25cdd9-9d .kt-btn-wrap-0 .kt-button:hover, .wp-block-kadence-advancedbtn.kt-btns6303_25cdd9-9d .kt-btn-wrap-0 .kt-button:focus{background:#444444;}<\/style>\n<div class=\"wp-block-kadence-advancedbtn kb-buttons-wrap kb-btns6303_25cdd9-9d\"><style>ul.menu .wp-block-kadence-advancedbtn .kb-btn6303_8f3f88-08.kb-button{width:initial;}<\/style><a class=\"kb-button kt-button button kb-btn6303_8f3f88-08 kt-btn-size-standard kt-btn-width-type-auto kb-btn-global-inherit  kt-btn-has-text-true kt-btn-has-svg-false  wp-block-button__link wp-block-kadence-singlebtn\" href=\"https:\/\/santedentaireso.com\/en\/contact\/\"><span class=\"kt-btn-inner-text\">Prendre rendez-vous<\/span><\/a><\/div>\n\n\n\n<p><\/p>\n\n\n\n<p class=\"has-theme-palette-7-color has-text-color\">dentist office\tdental hygiene center\tdental center near me\ndental surgeon\tdentist\tcosmetic dentist surgeon\ndental clinic\tdentist consultation\tbroken tooth\ndentist crown\tgeneral dentist\tdentist dental cleaning\nteeth cleaning\tdental cleaning\tdentist cleaning\nwhat to do for a toothache dentist\tdental check-up appointment\tdental care\ndentist care\taesthetic dental treatment\tdentist treatment\nbad breath treatment\tdentist ville-\u00e9mard\ttooth crown\nveneer near me\troot canal treatment\tteeth grinding treatment\nfacette au dentiste\ttooth extraction\tteeth extractions\nwisdom teeth\twisdom teeth removal\twisdom teeth surgery\nesthetic dentistry\tdental scan <\/p>\n\n\n\n<p class=\"has-theme-palette-7-color has-text-color\">cavity dentist\tdental filling\tdentist filling\ndentist for fillings\testhetic filling\tfallen filling\nfill a cavity\tfilling for my cavity\tfilling restoration\nfix my filling\ti broke my filling\tmy dental filling came off\nrepair a cavity\trepair a cavity ville-\u00e9mard\ttooth fillings\nville-\u00e9mard filling<\/p>","protected":false},"excerpt":{"rendered":"<p>Financement dentaire abordable, rapide et facile avec la Dentalcard de iFinance La Dentalcard d&rsquo;iFinance est la solution id\u00e9ale pour ceux qui recherchent un financement dentaire abordable, rapide et facile. Avec des taux comp\u00e9titifs et des conditions flexibles, cette carte permet de couvrir une large gamme de soins dentaires, des simples consultations aux traitements plus complexes&#8230;.<\/p>","protected":false},"author":1,"featured_media":6305,"parent":0,"menu_order":0,"comment_status":"closed","ping_status":"closed","template":"","meta":{"_kad_post_transparent":"","_kad_post_title":"hide","_kad_post_layout":"","_kad_post_sidebar_id":"","_kad_post_content_style":"unboxed","_kad_post_vertical_padding":"","_kad_post_feature":"","_kad_post_feature_position":"","_kad_post_header":false,"_kad_post_footer":false,"footnotes":""},"class_list":["post-6303","page","type-page","status-publish","has-post-thumbnail","hentry"],"yoast_head":"<!-- This site is optimized with the Yoast SEO plugin v27.5 - https:\/\/yoast.com\/product\/yoast-seo-wordpress\/ -->\n<title>Financement dentaire iFinance | Sant\u00e9 dentaire SO \u00e0 Ville-\u00c9mard<\/title>\n<meta name=\"description\" content=\"Avec la Dentalcard de iFinance, offrez-vous du financement dentaire. La solution id\u00e9ale pour un financement dentaire abordable.\" \/>\n<meta name=\"robots\" content=\"index, follow, max-snippet:-1, max-image-preview:large, max-video-preview:-1\" \/>\n<link rel=\"canonical\" href=\"https:\/\/santedentaireso.com\/en\/financement-dentaire\/\" \/>\n<meta property=\"og:locale\" content=\"en_US\" \/>\n<meta property=\"og:type\" content=\"article\" \/>\n<meta property=\"og:title\" content=\"Financement dentaire iFinance | Sant\u00e9 dentaire SO \u00e0 Rosemont\" \/>\n<meta property=\"og:description\" content=\"Avec la Dentalcard de iFinance, offrez-vous du financement dentaire. La solution id\u00e9ale pour un financement dentaire abordable.\" \/>\n<meta property=\"og:url\" content=\"https:\/\/santedentaireso.com\/en\/financement-dentaire\/\" \/>\n<meta property=\"article:publisher\" content=\"https:\/\/www.facebook.com\/santedentaireSO\/\" \/>\n<meta property=\"article:modified_time\" content=\"2026-01-08T19:23:15+00:00\" \/>\n<meta property=\"og:image\" content=\"https:\/\/santedentaireso.com\/wp-content\/uploads\/2025\/04\/financement-dentaire-dental-financing-Sante-dentaire-SO.jpg\" \/>\n\t<meta property=\"og:image:width\" content=\"1280\" \/>\n\t<meta property=\"og:image:height\" content=\"853\" \/>\n\t<meta property=\"og:image:type\" content=\"image\/jpeg\" \/>\n<meta name=\"twitter:card\" content=\"summary_large_image\" \/>\n<meta name=\"twitter:label1\" content=\"Est. reading time\" \/>\n\t<meta name=\"twitter:data1\" content=\"3 minutes\" \/>\n<script type=\"application\/ld+json\" class=\"yoast-schema-graph\">{\"@context\":\"https:\\\/\\\/schema.org\",\"@graph\":[{\"@type\":\"WebPage\",\"@id\":\"https:\\\/\\\/santedentaireso.com\\\/financement-dentaire\\\/\",\"url\":\"https:\\\/\\\/santedentaireso.com\\\/financement-dentaire\\\/\",\"name\":\"Financement dentaire iFinance | Sant\u00e9 dentaire SO \u00e0 Ville-\u00c9mard\",\"isPartOf\":{\"@id\":\"https:\\\/\\\/santedentaireso.com\\\/#website\"},\"primaryImageOfPage\":{\"@id\":\"https:\\\/\\\/santedentaireso.com\\\/financement-dentaire\\\/#primaryimage\"},\"image\":{\"@id\":\"https:\\\/\\\/santedentaireso.com\\\/financement-dentaire\\\/#primaryimage\"},\"thumbnailUrl\":\"https:\\\/\\\/i0.wp.com\\\/santedentaireso.com\\\/wp-content\\\/uploads\\\/2025\\\/04\\\/financement-dentaire-dental-financing-Sante-dentaire-SO.jpg?fit=1280%2C853&ssl=1\",\"datePublished\":\"2025-04-16T17:34:59+00:00\",\"dateModified\":\"2026-01-08T19:23:15+00:00\",\"description\":\"Avec la Dentalcard de iFinance, offrez-vous du financement dentaire. La solution id\u00e9ale pour un financement dentaire abordable.\",\"breadcrumb\":{\"@id\":\"https:\\\/\\\/santedentaireso.com\\\/financement-dentaire\\\/#breadcrumb\"},\"inLanguage\":\"en-CA\",\"potentialAction\":[{\"@type\":\"ReadAction\",\"target\":[\"https:\\\/\\\/santedentaireso.com\\\/financement-dentaire\\\/\"]}]},{\"@type\":\"ImageObject\",\"inLanguage\":\"en-CA\",\"@id\":\"https:\\\/\\\/santedentaireso.com\\\/financement-dentaire\\\/#primaryimage\",\"url\":\"https:\\\/\\\/i0.wp.com\\\/santedentaireso.com\\\/wp-content\\\/uploads\\\/2025\\\/04\\\/financement-dentaire-dental-financing-Sante-dentaire-SO.jpg?fit=1280%2C853&ssl=1\",\"contentUrl\":\"https:\\\/\\\/i0.wp.com\\\/santedentaireso.com\\\/wp-content\\\/uploads\\\/2025\\\/04\\\/financement-dentaire-dental-financing-Sante-dentaire-SO.jpg?fit=1280%2C853&ssl=1\",\"width\":1280,\"height\":853,\"caption\":\"financement dentaire - dental financing - Sante dentaire SO\"},{\"@type\":\"BreadcrumbList\",\"@id\":\"https:\\\/\\\/santedentaireso.com\\\/financement-dentaire\\\/#breadcrumb\",\"itemListElement\":[{\"@type\":\"ListItem\",\"position\":1,\"name\":\"Accueil\",\"item\":\"https:\\\/\\\/santedentaireso.com\\\/\"},{\"@type\":\"ListItem\",\"position\":2,\"name\":\"Financement dentaire\"}]},{\"@type\":\"WebSite\",\"@id\":\"https:\\\/\\\/santedentaireso.com\\\/#website\",\"url\":\"https:\\\/\\\/santedentaireso.com\\\/\",\"name\":\"\",\"description\":\"Votre clinique dentaire dans le sud-ouest de Montr\u00e9al\",\"publisher\":{\"@id\":\"https:\\\/\\\/santedentaireso.com\\\/#organization\"},\"potentialAction\":[{\"@type\":\"SearchAction\",\"target\":{\"@type\":\"EntryPoint\",\"urlTemplate\":\"https:\\\/\\\/santedentaireso.com\\\/?s={search_term_string}\"},\"query-input\":{\"@type\":\"PropertyValueSpecification\",\"valueRequired\":true,\"valueName\":\"search_term_string\"}}],\"inLanguage\":\"en-CA\"},{\"@type\":\"Organization\",\"@id\":\"https:\\\/\\\/santedentaireso.com\\\/#organization\",\"name\":\"Sant\u00e9 dentaire SO\",\"url\":\"https:\\\/\\\/santedentaireso.com\\\/\",\"logo\":{\"@type\":\"ImageObject\",\"inLanguage\":\"en-CA\",\"@id\":\"https:\\\/\\\/santedentaireso.com\\\/#\\\/schema\\\/logo\\\/image\\\/\",\"url\":\"https:\\\/\\\/i0.wp.com\\\/santedentaireso.com\\\/wp-content\\\/uploads\\\/2021\\\/05\\\/cropped-cropped-Capture-decran-le-2021-05-26-a-16.19.35.png?fit=400%2C400&ssl=1\",\"contentUrl\":\"https:\\\/\\\/i0.wp.com\\\/santedentaireso.com\\\/wp-content\\\/uploads\\\/2021\\\/05\\\/cropped-cropped-Capture-decran-le-2021-05-26-a-16.19.35.png?fit=400%2C400&ssl=1\",\"width\":400,\"height\":400,\"caption\":\"Sant\u00e9 dentaire SO\"},\"image\":{\"@id\":\"https:\\\/\\\/santedentaireso.com\\\/#\\\/schema\\\/logo\\\/image\\\/\"},\"sameAs\":[\"https:\\\/\\\/www.facebook.com\\\/santedentaireSO\\\/\"]}]}<\/script>\n<!-- \/ Yoast SEO plugin. -->","yoast_head_json":{"title":"Financement dentaire iFinance | Sant\u00e9 dentaire SO \u00e0 Ville-\u00c9mard","description":"Avec la Dentalcard de iFinance, offrez-vous du financement dentaire. La solution id\u00e9ale pour un financement dentaire abordable.","robots":{"index":"index","follow":"follow","max-snippet":"max-snippet:-1","max-image-preview":"max-image-preview:large","max-video-preview":"max-video-preview:-1"},"canonical":"https:\/\/santedentaireso.com\/en\/financement-dentaire\/","og_locale":"en_US","og_type":"article","og_title":"Financement dentaire iFinance | Sant\u00e9 dentaire SO \u00e0 Rosemont","og_description":"Avec la Dentalcard de iFinance, offrez-vous du financement dentaire. La solution id\u00e9ale pour un financement dentaire abordable.","og_url":"https:\/\/santedentaireso.com\/en\/financement-dentaire\/","article_publisher":"https:\/\/www.facebook.com\/santedentaireSO\/","article_modified_time":"2026-01-08T19:23:15+00:00","og_image":[{"width":1280,"height":853,"url":"https:\/\/santedentaireso.com\/wp-content\/uploads\/2025\/04\/financement-dentaire-dental-financing-Sante-dentaire-SO.jpg","type":"image\/jpeg"}],"twitter_card":"summary_large_image","twitter_misc":{"Est. reading time":"3 minutes"},"schema":{"@context":"https:\/\/schema.org","@graph":[{"@type":"WebPage","@id":"https:\/\/santedentaireso.com\/financement-dentaire\/","url":"https:\/\/santedentaireso.com\/financement-dentaire\/","name":"Financement dentaire iFinance | Sant\u00e9 dentaire SO \u00e0 Ville-\u00c9mard","isPartOf":{"@id":"https:\/\/santedentaireso.com\/#website"},"primaryImageOfPage":{"@id":"https:\/\/santedentaireso.com\/financement-dentaire\/#primaryimage"},"image":{"@id":"https:\/\/santedentaireso.com\/financement-dentaire\/#primaryimage"},"thumbnailUrl":"https:\/\/i0.wp.com\/santedentaireso.com\/wp-content\/uploads\/2025\/04\/financement-dentaire-dental-financing-Sante-dentaire-SO.jpg?fit=1280%2C853&ssl=1","datePublished":"2025-04-16T17:34:59+00:00","dateModified":"2026-01-08T19:23:15+00:00","description":"Avec la Dentalcard de iFinance, offrez-vous du financement dentaire. La solution id\u00e9ale pour un financement dentaire abordable.","breadcrumb":{"@id":"https:\/\/santedentaireso.com\/financement-dentaire\/#breadcrumb"},"inLanguage":"en-CA","potentialAction":[{"@type":"ReadAction","target":["https:\/\/santedentaireso.com\/financement-dentaire\/"]}]},{"@type":"ImageObject","inLanguage":"en-CA","@id":"https:\/\/santedentaireso.com\/financement-dentaire\/#primaryimage","url":"https:\/\/i0.wp.com\/santedentaireso.com\/wp-content\/uploads\/2025\/04\/financement-dentaire-dental-financing-Sante-dentaire-SO.jpg?fit=1280%2C853&ssl=1","contentUrl":"https:\/\/i0.wp.com\/santedentaireso.com\/wp-content\/uploads\/2025\/04\/financement-dentaire-dental-financing-Sante-dentaire-SO.jpg?fit=1280%2C853&ssl=1","width":1280,"height":853,"caption":"financement dentaire - dental financing - Sante dentaire SO"},{"@type":"BreadcrumbList","@id":"https:\/\/santedentaireso.com\/financement-dentaire\/#breadcrumb","itemListElement":[{"@type":"ListItem","position":1,"name":"Accueil","item":"https:\/\/santedentaireso.com\/"},{"@type":"ListItem","position":2,"name":"Financement dentaire"}]},{"@type":"WebSite","@id":"https:\/\/santedentaireso.com\/#website","url":"https:\/\/santedentaireso.com\/","name":"","description":"Votre clinique dentaire dans le sud-ouest de Montr\u00e9al","publisher":{"@id":"https:\/\/santedentaireso.com\/#organization"},"potentialAction":[{"@type":"SearchAction","target":{"@type":"EntryPoint","urlTemplate":"https:\/\/santedentaireso.com\/?s={search_term_string}"},"query-input":{"@type":"PropertyValueSpecification","valueRequired":true,"valueName":"search_term_string"}}],"inLanguage":"en-CA"},{"@type":"Organization","@id":"https:\/\/santedentaireso.com\/#organization","name":"Sant\u00e9 dentaire SO","url":"https:\/\/santedentaireso.com\/","logo":{"@type":"ImageObject","inLanguage":"en-CA","@id":"https:\/\/santedentaireso.com\/#\/schema\/logo\/image\/","url":"https:\/\/i0.wp.com\/santedentaireso.com\/wp-content\/uploads\/2021\/05\/cropped-cropped-Capture-decran-le-2021-05-26-a-16.19.35.png?fit=400%2C400&ssl=1","contentUrl":"https:\/\/i0.wp.com\/santedentaireso.com\/wp-content\/uploads\/2021\/05\/cropped-cropped-Capture-decran-le-2021-05-26-a-16.19.35.png?fit=400%2C400&ssl=1","width":400,"height":400,"caption":"Sant\u00e9 dentaire SO"},"image":{"@id":"https:\/\/santedentaireso.com\/#\/schema\/logo\/image\/"},"sameAs":["https:\/\/www.facebook.com\/santedentaireSO\/"]}]}},"jetpack_sharing_enabled":true,"jetpack_shortlink":"https:\/\/wp.me\/Pa5GJh-1DF","jetpack_likes_enabled":false,"_links":{"self":[{"href":"https:\/\/santedentaireso.com\/en\/wp-json\/wp\/v2\/pages\/6303","targetHints":{"allow":["GET"]}}],"collection":[{"href":"https:\/\/santedentaireso.com\/en\/wp-json\/wp\/v2\/pages"}],"about":[{"href":"https:\/\/santedentaireso.com\/en\/wp-json\/wp\/v2\/types\/page"}],"author":[{"embeddable":true,"href":"https:\/\/santedentaireso.com\/en\/wp-json\/wp\/v2\/users\/1"}],"replies":[{"embeddable":true,"href":"https:\/\/santedentaireso.com\/en\/wp-json\/wp\/v2\/comments?post=6303"}],"version-history":[{"count":7,"href":"https:\/\/santedentaireso.com\/en\/wp-json\/wp\/v2\/pages\/6303\/revisions"}],"predecessor-version":[{"id":6769,"href":"https:\/\/santedentaireso.com\/en\/wp-json\/wp\/v2\/pages\/6303\/revisions\/6769"}],"wp:featuredmedia":[{"embeddable":true,"href":"https:\/\/santedentaireso.com\/en\/wp-json\/wp\/v2\/media\/6305"}],"wp:attachment":[{"href":"https:\/\/santedentaireso.com\/en\/wp-json\/wp\/v2\/media?parent=6303"}],"curies":[{"name":"wp","href":"https:\/\/api.w.org\/{rel}","templated":true}]}}