{"id":5780,"date":"2024-12-16T13:39:50","date_gmt":"2024-12-16T13:39:50","guid":{"rendered":"https:\/\/santedentaireso.com\/?page_id=5780"},"modified":"2026-01-08T19:26:03","modified_gmt":"2026-01-08T19:26:03","slug":"nettoyage-dentaire","status":"publish","type":"page","link":"https:\/\/santedentaireso.com\/en\/nettoyage-dentaire\/","title":{"rendered":"Dental cleaning"},"content":{"rendered":"<p><\/p>\n\n\n<style>.kb-row-layout-id5780_019a99-4c > .kt-row-column-wrap{align-content:start;}:where(.kb-row-layout-id5780_019a99-4c > .kt-row-column-wrap) > .wp-block-kadence-column{justify-content:start;}.kb-row-layout-id5780_019a99-4c > .kt-row-column-wrap{column-gap:var(--global-kb-gap-md, 2rem);row-gap:var(--global-kb-gap-md, 2rem);padding-top:var(--global-kb-spacing-sm, 1.5rem);padding-bottom:var(--global-kb-spacing-sm, 1.5rem);grid-template-columns:repeat(2, minmax(0, 1fr));}.kb-row-layout-id5780_019a99-4c > .kt-row-layout-overlay{opacity:0.30;}@media all and (max-width: 1024px){.kb-row-layout-id5780_019a99-4c > .kt-row-column-wrap{grid-template-columns:repeat(2, minmax(0, 1fr));}}@media all and (max-width: 767px){.kb-row-layout-id5780_019a99-4c > .kt-row-column-wrap{grid-template-columns:minmax(0, 1fr);}}<\/style><div class=\"kb-row-layout-wrap kb-row-layout-id5780_019a99-4c alignnone wp-block-kadence-rowlayout\"><div class=\"kt-row-column-wrap kt-has-2-columns kt-row-layout-equal kt-tab-layout-inherit kt-mobile-layout-row kt-row-valign-top\">\n<style>.kadence-column5780_2a5416-ce > .kt-inside-inner-col,.kadence-column5780_2a5416-ce > .kt-inside-inner-col:before{border-top-left-radius:0px;border-top-right-radius:0px;border-bottom-right-radius:0px;border-bottom-left-radius:0px;}.kadence-column5780_2a5416-ce > .kt-inside-inner-col{column-gap:var(--global-kb-gap-sm, 1rem);}.kadence-column5780_2a5416-ce > .kt-inside-inner-col{flex-direction:column;}.kadence-column5780_2a5416-ce > .kt-inside-inner-col > .aligncenter{width:100%;}.kadence-column5780_2a5416-ce > .kt-inside-inner-col:before{opacity:0.3;}.kadence-column5780_2a5416-ce{position:relative;}@media all and (max-width: 1024px){.kadence-column5780_2a5416-ce > .kt-inside-inner-col{flex-direction:column;justify-content:center;}}@media all and (max-width: 767px){.kadence-column5780_2a5416-ce > .kt-inside-inner-col{flex-direction:column;justify-content:center;}}<\/style>\n<div class=\"wp-block-kadence-column kadence-column5780_2a5416-ce\"><div class=\"kt-inside-inner-col\">\n<p><\/p>\n\n\n<style>.kb-row-layout-id5780_e7687a-90 > .kt-row-column-wrap{align-content:start;}:where(.kb-row-layout-id5780_e7687a-90 > .kt-row-column-wrap) > .wp-block-kadence-column{justify-content:start;}.kb-row-layout-id5780_e7687a-90 > .kt-row-column-wrap{column-gap:var(--global-kb-gap-md, 2rem);row-gap:var(--global-kb-gap-md, 2rem);padding-top:var(--global-kb-spacing-sm, 1.5rem);padding-bottom:var(--global-kb-spacing-sm, 1.5rem);grid-template-columns:minmax(0, 1fr);}.kb-row-layout-id5780_e7687a-90 > .kt-row-layout-overlay{opacity:0.30;}@media all and (max-width: 1024px){.kb-row-layout-id5780_e7687a-90 > .kt-row-column-wrap{grid-template-columns:minmax(0, 1fr);}}@media all and (max-width: 767px){.kb-row-layout-id5780_e7687a-90 > .kt-row-column-wrap{grid-template-columns:minmax(0, 1fr);}}<\/style><div class=\"kb-row-layout-wrap kb-row-layout-id5780_e7687a-90 alignnone wp-block-kadence-rowlayout\"><div class=\"kt-row-column-wrap kt-has-1-columns kt-row-layout-equal kt-tab-layout-inherit kt-mobile-layout-row kt-row-valign-top\">\n<style>.kadence-column5780_b3bfa7-d7 > .kt-inside-inner-col,.kadence-column5780_b3bfa7-d7 > .kt-inside-inner-col:before{border-top-left-radius:0px;border-top-right-radius:0px;border-bottom-right-radius:0px;border-bottom-left-radius:0px;}.kadence-column5780_b3bfa7-d7 > .kt-inside-inner-col{column-gap:var(--global-kb-gap-sm, 1rem);}.kadence-column5780_b3bfa7-d7 > .kt-inside-inner-col{flex-direction:column;}.kadence-column5780_b3bfa7-d7 > .kt-inside-inner-col > .aligncenter{width:100%;}.kadence-column5780_b3bfa7-d7 > .kt-inside-inner-col:before{opacity:0.3;}.kadence-column5780_b3bfa7-d7{position:relative;}@media all and (max-width: 1024px){.kadence-column5780_b3bfa7-d7 > .kt-inside-inner-col{flex-direction:column;justify-content:center;}}@media all and (max-width: 767px){.kadence-column5780_b3bfa7-d7 > .kt-inside-inner-col{flex-direction:column;justify-content:center;}}<\/style>\n<div class=\"wp-block-kadence-column kadence-column5780_b3bfa7-d7\"><div class=\"kt-inside-inner-col\"><\/div><\/div>\n\n<\/div><\/div>\n\n\n<h1 class=\"wp-block-heading has-theme-palette-1-color has-text-color\">Professional dental cleaning<\/h1>\n\n\n\n<p>Professional dental cleaning is an essential step in maintaining good oral health. Performed by our dentists or dental hygienists, this thorough cleaning helps remove plaque, tartar and food debris that build up on teeth and gums.<\/p>\n<\/div><\/div>\n\n\n<style>.kadence-column5780_2999e1-f5 > .kt-inside-inner-col,.kadence-column5780_2999e1-f5 > .kt-inside-inner-col:before{border-top-left-radius:0px;border-top-right-radius:0px;border-bottom-right-radius:0px;border-bottom-left-radius:0px;}.kadence-column5780_2999e1-f5 > .kt-inside-inner-col{column-gap:var(--global-kb-gap-sm, 1rem);}.kadence-column5780_2999e1-f5 > .kt-inside-inner-col{flex-direction:column;}.kadence-column5780_2999e1-f5 > .kt-inside-inner-col > .aligncenter{width:100%;}.kadence-column5780_2999e1-f5 > .kt-inside-inner-col:before{opacity:0.3;}.kadence-column5780_2999e1-f5{position:relative;}@media all and (max-width: 1024px){.kadence-column5780_2999e1-f5 > .kt-inside-inner-col{flex-direction:column;justify-content:center;}}@media all and (max-width: 767px){.kadence-column5780_2999e1-f5 > .kt-inside-inner-col{flex-direction:column;justify-content:center;}}<\/style>\n<div class=\"wp-block-kadence-column kadence-column5780_2999e1-f5\"><div class=\"kt-inside-inner-col\"><style>.kb-image5780_bd5163-ac .kb-image-has-overlay:after{opacity:0.3;}<\/style>\n<figure class=\"wp-block-kadence-image kb-image5780_bd5163-ac size-large\"><img data-recalc-dims=\"1\" loading=\"lazy\" decoding=\"async\" width=\"1024\" height=\"682\" data-attachment-id=\"5783\" data-permalink=\"https:\/\/santedentaireso.com\/en\/nettoyage-dentaire\/nettoyage-dentaire\/\" data-orig-file=\"https:\/\/i0.wp.com\/santedentaireso.com\/wp-content\/uploads\/2024\/12\/nettoyage-dentaire-.jpg?fit=1280%2C853&amp;ssl=1\" data-orig-size=\"1280,853\" data-comments-opened=\"1\" data-image-meta=\"{&quot;aperture&quot;:&quot;0&quot;,&quot;credit&quot;:&quot;&quot;,&quot;camera&quot;:&quot;&quot;,&quot;caption&quot;:&quot;&quot;,&quot;created_timestamp&quot;:&quot;0&quot;,&quot;copyright&quot;:&quot;&quot;,&quot;focal_length&quot;:&quot;0&quot;,&quot;iso&quot;:&quot;0&quot;,&quot;shutter_speed&quot;:&quot;0&quot;,&quot;title&quot;:&quot;&quot;,&quot;orientation&quot;:&quot;1&quot;}\" data-image-title=\"nettoyage dentaire &amp;#8211; sant\u00e9 dentaire SO dans Rosemont\" data-image-description=\"\" data-image-caption=\"\" data-large-file=\"https:\/\/i0.wp.com\/santedentaireso.com\/wp-content\/uploads\/2024\/12\/nettoyage-dentaire-.jpg?fit=1024%2C682&amp;ssl=1\" src=\"https:\/\/i0.wp.com\/santedentaireso.com\/wp-content\/uploads\/2024\/12\/nettoyage-dentaire-.jpg?resize=1024%2C682&#038;ssl=1\" alt=\"nettoyage dentaire - sant\u00e9 dentaire SO dans Rosemont\" class=\"kb-img wp-image-5783\" srcset=\"https:\/\/i0.wp.com\/santedentaireso.com\/wp-content\/uploads\/2024\/12\/nettoyage-dentaire-.jpg?resize=1024%2C682&amp;ssl=1 1024w, https:\/\/i0.wp.com\/santedentaireso.com\/wp-content\/uploads\/2024\/12\/nettoyage-dentaire-.jpg?resize=300%2C200&amp;ssl=1 300w, https:\/\/i0.wp.com\/santedentaireso.com\/wp-content\/uploads\/2024\/12\/nettoyage-dentaire-.jpg?resize=768%2C512&amp;ssl=1 768w, https:\/\/i0.wp.com\/santedentaireso.com\/wp-content\/uploads\/2024\/12\/nettoyage-dentaire-.jpg?resize=18%2C12&amp;ssl=1 18w, https:\/\/i0.wp.com\/santedentaireso.com\/wp-content\/uploads\/2024\/12\/nettoyage-dentaire-.jpg?w=1280&amp;ssl=1 1280w\" sizes=\"auto, (max-width: 1024px) 100vw, 1024px\" \/><\/figure>\n<\/div><\/div>\n\n<\/div><\/div>\n\n\n<h2 class=\"wp-block-heading\"><mark style=\"background-color:rgba(0, 0, 0, 0)\" class=\"has-inline-color has-theme-palette-1-color\">Dental exam and cleaning<\/mark><\/h2>\n\n\n\n<p>While daily brushing and flossing are important for good oral hygiene, professional cleaning is necessary at least once a year, or even every six months, to prevent cavities, gum disease, and other dental problems.<\/p>\n\n\n\n<p>The process begins with an oral exam to assess the condition of your teeth and gums. Then, using specific instruments, our dentists or hygienists remove tartar and plaque that cannot be removed by simple brushing. This step may include scaling, followed by polishing to smooth the surface of your teeth, making it harder for new particles to accumulate. The session often ends with fluoride to strengthen tooth enamel and help prevent cavities.<\/p>\n\n\n\n<p>In addition to the physical benefits, professional dental cleaning can have positive effects on overall health. Studies show a correlation between oral health and conditions like cardiovascular disease and diabetes. By investing in regular dental cleanings, you\u2019re taking an important step toward better overall health. In short, professional dental cleaning is a key part of preventing and safely maintaining a beautiful smile.<\/p>\n\n\n\n<h3 class=\"wp-block-heading\"><mark style=\"background-color:rgba(0, 0, 0, 0)\" class=\"has-inline-color has-theme-palette-1-color\">Book your next dental cleaning appointment<\/mark><\/h3>\n\n\n\n<p>To make your appointment for a dental cleaning at Sant\u00e9 dentaire SO, you can contact us by phone or via our website to choose the date and time that suits you best. Do not hesitate to let us know your availability and we will be happy to welcome you.<\/p>\n\n\n<style>.wp-block-kadence-advancedbtn.kb-btns5780_13a243-74{gap:var(--global-kb-gap-xs, 0.5rem );justify-content:center;align-items:center;}.kt-btns5780_13a243-74 .kt-button{font-weight:normal;font-style:normal;}.kt-btns5780_13a243-74 .kt-btn-wrap-0{margin-right:5px;}.wp-block-kadence-advancedbtn.kt-btns5780_13a243-74 .kt-btn-wrap-0 .kt-button{color:#555555;border-color:#555555;}.wp-block-kadence-advancedbtn.kt-btns5780_13a243-74 .kt-btn-wrap-0 .kt-button:hover, .wp-block-kadence-advancedbtn.kt-btns5780_13a243-74 .kt-btn-wrap-0 .kt-button:focus{color:#ffffff;border-color:#444444;}.wp-block-kadence-advancedbtn.kt-btns5780_13a243-74 .kt-btn-wrap-0 .kt-button::before{display:none;}.wp-block-kadence-advancedbtn.kt-btns5780_13a243-74 .kt-btn-wrap-0 .kt-button:hover, .wp-block-kadence-advancedbtn.kt-btns5780_13a243-74 .kt-btn-wrap-0 .kt-button:focus{background:#444444;}<\/style>\n<div class=\"wp-block-kadence-advancedbtn kb-buttons-wrap kb-btns5780_13a243-74\"><style>ul.menu .wp-block-kadence-advancedbtn .kb-btn5780_78471f-c3.kb-button{width:initial;}<\/style><a class=\"kb-button kt-button button kb-btn5780_78471f-c3 kt-btn-size-standard kt-btn-width-type-auto kb-btn-global-inherit  kt-btn-has-text-true kt-btn-has-svg-false  wp-block-button__link wp-block-kadence-singlebtn\" href=\"https:\/\/santedentaireso.com\/en\/contact\/\"><span class=\"kt-btn-inner-text\">Prendre rendez-vous<\/span><\/a><\/div>\n\n\n\n<p class=\"has-theme-palette-7-color has-text-color\">dentist office\tdental hygiene center\tdental center near me\ndental surgeon\tdentist\tcosmetic dentist surgeon\ndental clinic\tdentist consultation\tbroken tooth\ndentist crown\tgeneral dentist\tdentist dental cleaning\nteeth cleaning\tdental cleaning\tdentist cleaning\nwhat to do for a toothache dentist\tdental check-up appointment\tdental care\ndentist care\taesthetic dental treatment\tdentist treatment\nbad breath treatment\tdentist ville-\u00e9mard\ttooth crown\nveneer near me\troot canal treatment\tteeth grinding treatment\nfacette au dentiste\ttooth extraction\tteeth extractions\nwisdom teeth\twisdom teeth removal\twisdom teeth surgery\nesthetic dentistry\tdental scan <\/p>\n\n\n\n<p class=\"has-theme-palette-7-color has-text-color\">cavity dentist\tdental filling\tdentist filling\ndentist for fillings\testhetic filling\tfallen filling\nfill a cavity\tfilling for my cavity\tfilling restoration\nfix my filling\ti broke my filling\tmy dental filling came off\nrepair a cavity\trepair a cavity ville-\u00e9mard\ttooth fillings\nville-\u00e9mard filling<\/p>","protected":false},"excerpt":{"rendered":"<p>Le nettoyage dentaire professionnel Le nettoyage dentaire professionnel est une \u00e9tape essentielle pour maintenir une bonne sant\u00e9 bucco-dentaire. R\u00e9alis\u00e9 par nos dentistes ou nos hygi\u00e9nistes dentaires, ce nettoyage approfondi aide \u00e0 \u00e9liminer la plaque dentaire, le tartre et les r\u00e9sidus alimentaires qui s&rsquo;accumulent sur les dents et les gencives. L&rsquo;examen et le nettoyage dentaire Bien&#8230;<\/p>","protected":false},"author":1,"featured_media":0,"parent":0,"menu_order":0,"comment_status":"closed","ping_status":"closed","template":"","meta":{"_kad_post_transparent":"","_kad_post_title":"hide","_kad_post_layout":"","_kad_post_sidebar_id":"","_kad_post_content_style":"unboxed","_kad_post_vertical_padding":"","_kad_post_feature":"","_kad_post_feature_position":"","_kad_post_header":false,"_kad_post_footer":false,"jetpack_post_was_ever_published":false,"footnotes":""},"class_list":["post-5780","page","type-page","status-publish","hentry"],"yoast_head":"<!-- This site is optimized with the Yoast SEO plugin v27.3 - https:\/\/yoast.com\/product\/yoast-seo-wordpress\/ -->\n<title>Examen et nettoyag dentaire | Sant\u00e9 dentaire SO dans Rosemont<\/title>\n<meta name=\"description\" content=\"Besoin d&#039;un nettoyage dentaire? vous pouvez nous contacter par t\u00e9l\u00e9phone ou via notre site web pour choisir la date et l&#039;heure.\" \/>\n<meta name=\"robots\" content=\"index, follow, max-snippet:-1, max-image-preview:large, max-video-preview:-1\" \/>\n<link rel=\"canonical\" href=\"https:\/\/santedentaireso.com\/en\/nettoyage-dentaire\/\" \/>\n<meta property=\"og:locale\" content=\"en_US\" \/>\n<meta property=\"og:type\" content=\"article\" \/>\n<meta property=\"og:title\" content=\"Examen et nettoyag dentaire | Sant\u00e9 dentaire SO dans Rosemont\" \/>\n<meta property=\"og:description\" content=\"Besoin d&#039;un nettoyage dentaire? vous pouvez nous contacter par t\u00e9l\u00e9phone ou via notre site web pour choisir la date et l&#039;heure.\" \/>\n<meta property=\"og:url\" content=\"https:\/\/santedentaireso.com\/en\/nettoyage-dentaire\/\" \/>\n<meta property=\"article:publisher\" content=\"https:\/\/www.facebook.com\/santedentaireSO\/\" \/>\n<meta property=\"article:modified_time\" content=\"2026-01-08T19:26:03+00:00\" \/>\n<meta property=\"og:image\" content=\"https:\/\/santedentaireso.com\/wp-content\/uploads\/2024\/12\/nettoyage-dentaire-.jpg\" \/>\n\t<meta property=\"og:image:width\" content=\"1280\" \/>\n\t<meta property=\"og:image:height\" content=\"853\" \/>\n\t<meta property=\"og:image:type\" content=\"image\/jpeg\" \/>\n<meta name=\"twitter:card\" content=\"summary_large_image\" \/>\n<meta name=\"twitter:label1\" content=\"Est. reading time\" \/>\n\t<meta name=\"twitter:data1\" content=\"3 minutes\" \/>\n<script type=\"application\/ld+json\" class=\"yoast-schema-graph\">{\"@context\":\"https:\\\/\\\/schema.org\",\"@graph\":[{\"@type\":\"WebPage\",\"@id\":\"https:\\\/\\\/santedentaireso.com\\\/nettoyage-dentaire\\\/\",\"url\":\"https:\\\/\\\/santedentaireso.com\\\/nettoyage-dentaire\\\/\",\"name\":\"Examen et nettoyag dentaire | Sant\u00e9 dentaire SO dans Rosemont\",\"isPartOf\":{\"@id\":\"https:\\\/\\\/santedentaireso.com\\\/#website\"},\"primaryImageOfPage\":{\"@id\":\"https:\\\/\\\/santedentaireso.com\\\/nettoyage-dentaire\\\/#primaryimage\"},\"image\":{\"@id\":\"https:\\\/\\\/santedentaireso.com\\\/nettoyage-dentaire\\\/#primaryimage\"},\"thumbnailUrl\":\"https:\\\/\\\/santedentaireso.com\\\/wp-content\\\/uploads\\\/2024\\\/12\\\/nettoyage-dentaire--1024x682.jpg\",\"datePublished\":\"2024-12-16T13:39:50+00:00\",\"dateModified\":\"2026-01-08T19:26:03+00:00\",\"description\":\"Besoin d'un nettoyage dentaire? vous pouvez nous contacter par t\u00e9l\u00e9phone ou via notre site web pour choisir la date et l'heure.\",\"breadcrumb\":{\"@id\":\"https:\\\/\\\/santedentaireso.com\\\/nettoyage-dentaire\\\/#breadcrumb\"},\"inLanguage\":\"en-CA\",\"potentialAction\":[{\"@type\":\"ReadAction\",\"target\":[\"https:\\\/\\\/santedentaireso.com\\\/nettoyage-dentaire\\\/\"]}]},{\"@type\":\"ImageObject\",\"inLanguage\":\"en-CA\",\"@id\":\"https:\\\/\\\/santedentaireso.com\\\/nettoyage-dentaire\\\/#primaryimage\",\"url\":\"https:\\\/\\\/santedentaireso.com\\\/wp-content\\\/uploads\\\/2024\\\/12\\\/nettoyage-dentaire--1024x682.jpg\",\"contentUrl\":\"https:\\\/\\\/santedentaireso.com\\\/wp-content\\\/uploads\\\/2024\\\/12\\\/nettoyage-dentaire--1024x682.jpg\"},{\"@type\":\"BreadcrumbList\",\"@id\":\"https:\\\/\\\/santedentaireso.com\\\/nettoyage-dentaire\\\/#breadcrumb\",\"itemListElement\":[{\"@type\":\"ListItem\",\"position\":1,\"name\":\"Accueil\",\"item\":\"https:\\\/\\\/santedentaireso.com\\\/\"},{\"@type\":\"ListItem\",\"position\":2,\"name\":\"Nettoyage dentaire\"}]},{\"@type\":\"WebSite\",\"@id\":\"https:\\\/\\\/santedentaireso.com\\\/#website\",\"url\":\"https:\\\/\\\/santedentaireso.com\\\/\",\"name\":\"\",\"description\":\"Votre clinique dentaire dans le sud-ouest de Montr\u00e9al\",\"publisher\":{\"@id\":\"https:\\\/\\\/santedentaireso.com\\\/#organization\"},\"potentialAction\":[{\"@type\":\"SearchAction\",\"target\":{\"@type\":\"EntryPoint\",\"urlTemplate\":\"https:\\\/\\\/santedentaireso.com\\\/?s={search_term_string}\"},\"query-input\":{\"@type\":\"PropertyValueSpecification\",\"valueRequired\":true,\"valueName\":\"search_term_string\"}}],\"inLanguage\":\"en-CA\"},{\"@type\":\"Organization\",\"@id\":\"https:\\\/\\\/santedentaireso.com\\\/#organization\",\"name\":\"Sant\u00e9 dentaire SO\",\"url\":\"https:\\\/\\\/santedentaireso.com\\\/\",\"logo\":{\"@type\":\"ImageObject\",\"inLanguage\":\"en-CA\",\"@id\":\"https:\\\/\\\/santedentaireso.com\\\/#\\\/schema\\\/logo\\\/image\\\/\",\"url\":\"https:\\\/\\\/i0.wp.com\\\/santedentaireso.com\\\/wp-content\\\/uploads\\\/2021\\\/05\\\/cropped-cropped-Capture-decran-le-2021-05-26-a-16.19.35.png?fit=400%2C400&ssl=1\",\"contentUrl\":\"https:\\\/\\\/i0.wp.com\\\/santedentaireso.com\\\/wp-content\\\/uploads\\\/2021\\\/05\\\/cropped-cropped-Capture-decran-le-2021-05-26-a-16.19.35.png?fit=400%2C400&ssl=1\",\"width\":400,\"height\":400,\"caption\":\"Sant\u00e9 dentaire SO\"},\"image\":{\"@id\":\"https:\\\/\\\/santedentaireso.com\\\/#\\\/schema\\\/logo\\\/image\\\/\"},\"sameAs\":[\"https:\\\/\\\/www.facebook.com\\\/santedentaireSO\\\/\"]}]}<\/script>\n<!-- \/ Yoast SEO plugin. -->","yoast_head_json":{"title":"Examen et nettoyag dentaire | Sant\u00e9 dentaire SO dans Rosemont","description":"Besoin d'un nettoyage dentaire? vous pouvez nous contacter par t\u00e9l\u00e9phone ou via notre site web pour choisir la date et l'heure.","robots":{"index":"index","follow":"follow","max-snippet":"max-snippet:-1","max-image-preview":"max-image-preview:large","max-video-preview":"max-video-preview:-1"},"canonical":"https:\/\/santedentaireso.com\/en\/nettoyage-dentaire\/","og_locale":"en_US","og_type":"article","og_title":"Examen et nettoyag dentaire | Sant\u00e9 dentaire SO dans Rosemont","og_description":"Besoin d'un nettoyage dentaire? vous pouvez nous contacter par t\u00e9l\u00e9phone ou via notre site web pour choisir la date et l'heure.","og_url":"https:\/\/santedentaireso.com\/en\/nettoyage-dentaire\/","article_publisher":"https:\/\/www.facebook.com\/santedentaireSO\/","article_modified_time":"2026-01-08T19:26:03+00:00","og_image":[{"width":1280,"height":853,"url":"https:\/\/santedentaireso.com\/wp-content\/uploads\/2024\/12\/nettoyage-dentaire-.jpg","type":"image\/jpeg"}],"twitter_card":"summary_large_image","twitter_misc":{"Est. reading time":"3 minutes"},"schema":{"@context":"https:\/\/schema.org","@graph":[{"@type":"WebPage","@id":"https:\/\/santedentaireso.com\/nettoyage-dentaire\/","url":"https:\/\/santedentaireso.com\/nettoyage-dentaire\/","name":"Examen et nettoyag dentaire | Sant\u00e9 dentaire SO dans Rosemont","isPartOf":{"@id":"https:\/\/santedentaireso.com\/#website"},"primaryImageOfPage":{"@id":"https:\/\/santedentaireso.com\/nettoyage-dentaire\/#primaryimage"},"image":{"@id":"https:\/\/santedentaireso.com\/nettoyage-dentaire\/#primaryimage"},"thumbnailUrl":"https:\/\/santedentaireso.com\/wp-content\/uploads\/2024\/12\/nettoyage-dentaire--1024x682.jpg","datePublished":"2024-12-16T13:39:50+00:00","dateModified":"2026-01-08T19:26:03+00:00","description":"Besoin d'un nettoyage dentaire? vous pouvez nous contacter par t\u00e9l\u00e9phone ou via notre site web pour choisir la date et l'heure.","breadcrumb":{"@id":"https:\/\/santedentaireso.com\/nettoyage-dentaire\/#breadcrumb"},"inLanguage":"en-CA","potentialAction":[{"@type":"ReadAction","target":["https:\/\/santedentaireso.com\/nettoyage-dentaire\/"]}]},{"@type":"ImageObject","inLanguage":"en-CA","@id":"https:\/\/santedentaireso.com\/nettoyage-dentaire\/#primaryimage","url":"https:\/\/santedentaireso.com\/wp-content\/uploads\/2024\/12\/nettoyage-dentaire--1024x682.jpg","contentUrl":"https:\/\/santedentaireso.com\/wp-content\/uploads\/2024\/12\/nettoyage-dentaire--1024x682.jpg"},{"@type":"BreadcrumbList","@id":"https:\/\/santedentaireso.com\/nettoyage-dentaire\/#breadcrumb","itemListElement":[{"@type":"ListItem","position":1,"name":"Accueil","item":"https:\/\/santedentaireso.com\/"},{"@type":"ListItem","position":2,"name":"Nettoyage dentaire"}]},{"@type":"WebSite","@id":"https:\/\/santedentaireso.com\/#website","url":"https:\/\/santedentaireso.com\/","name":"","description":"Votre clinique dentaire dans le sud-ouest de Montr\u00e9al","publisher":{"@id":"https:\/\/santedentaireso.com\/#organization"},"potentialAction":[{"@type":"SearchAction","target":{"@type":"EntryPoint","urlTemplate":"https:\/\/santedentaireso.com\/?s={search_term_string}"},"query-input":{"@type":"PropertyValueSpecification","valueRequired":true,"valueName":"search_term_string"}}],"inLanguage":"en-CA"},{"@type":"Organization","@id":"https:\/\/santedentaireso.com\/#organization","name":"Sant\u00e9 dentaire SO","url":"https:\/\/santedentaireso.com\/","logo":{"@type":"ImageObject","inLanguage":"en-CA","@id":"https:\/\/santedentaireso.com\/#\/schema\/logo\/image\/","url":"https:\/\/i0.wp.com\/santedentaireso.com\/wp-content\/uploads\/2021\/05\/cropped-cropped-Capture-decran-le-2021-05-26-a-16.19.35.png?fit=400%2C400&ssl=1","contentUrl":"https:\/\/i0.wp.com\/santedentaireso.com\/wp-content\/uploads\/2021\/05\/cropped-cropped-Capture-decran-le-2021-05-26-a-16.19.35.png?fit=400%2C400&ssl=1","width":400,"height":400,"caption":"Sant\u00e9 dentaire SO"},"image":{"@id":"https:\/\/santedentaireso.com\/#\/schema\/logo\/image\/"},"sameAs":["https:\/\/www.facebook.com\/santedentaireSO\/"]}]}},"jetpack_sharing_enabled":true,"jetpack_shortlink":"https:\/\/wp.me\/Pa5GJh-1ve","jetpack_likes_enabled":false,"_links":{"self":[{"href":"https:\/\/santedentaireso.com\/en\/wp-json\/wp\/v2\/pages\/5780","targetHints":{"allow":["GET"]}}],"collection":[{"href":"https:\/\/santedentaireso.com\/en\/wp-json\/wp\/v2\/pages"}],"about":[{"href":"https:\/\/santedentaireso.com\/en\/wp-json\/wp\/v2\/types\/page"}],"author":[{"embeddable":true,"href":"https:\/\/santedentaireso.com\/en\/wp-json\/wp\/v2\/users\/1"}],"replies":[{"embeddable":true,"href":"https:\/\/santedentaireso.com\/en\/wp-json\/wp\/v2\/comments?post=5780"}],"version-history":[{"count":5,"href":"https:\/\/santedentaireso.com\/en\/wp-json\/wp\/v2\/pages\/5780\/revisions"}],"predecessor-version":[{"id":6771,"href":"https:\/\/santedentaireso.com\/en\/wp-json\/wp\/v2\/pages\/5780\/revisions\/6771"}],"wp:attachment":[{"href":"https:\/\/santedentaireso.com\/en\/wp-json\/wp\/v2\/media?parent=5780"}],"curies":[{"name":"wp","href":"https:\/\/api.w.org\/{rel}","templated":true}]}}