{"id":3857,"date":"2023-06-05T13:43:31","date_gmt":"2023-06-05T13:43:31","guid":{"rendered":"https:\/\/santedentaireso.com\/?page_id=3857"},"modified":"2026-01-08T19:57:25","modified_gmt":"2026-01-08T19:57:25","slug":"couronne-dentaire","status":"publish","type":"page","link":"https:\/\/santedentaireso.com\/en\/couronne-dentaire\/","title":{"rendered":"Dental crown"},"content":{"rendered":"<style>.kb-row-layout-id3857_bff58a-42 > .kt-row-column-wrap{align-content:start;}:where(.kb-row-layout-id3857_bff58a-42 > .kt-row-column-wrap) > .wp-block-kadence-column{justify-content:start;}.kb-row-layout-id3857_bff58a-42 > .kt-row-column-wrap{column-gap:var(--global-kb-gap-md, 2rem);row-gap:var(--global-kb-gap-md, 2rem);padding-top:var(--global-kb-spacing-sm, 1.5rem);padding-bottom:var(--global-kb-spacing-sm, 1.5rem);grid-template-columns:repeat(2, minmax(0, 1fr));}.kb-row-layout-id3857_bff58a-42 > .kt-row-layout-overlay{opacity:0.30;}@media all and (max-width: 1024px){.kb-row-layout-id3857_bff58a-42 > .kt-row-column-wrap{grid-template-columns:repeat(2, minmax(0, 1fr));}}@media all and (max-width: 767px){.kb-row-layout-id3857_bff58a-42 > .kt-row-column-wrap{grid-template-columns:minmax(0, 1fr);}}<\/style><div class=\"kb-row-layout-wrap kb-row-layout-id3857_bff58a-42 alignnone wp-block-kadence-rowlayout\"><div class=\"kt-row-column-wrap kt-has-2-columns kt-row-layout-equal kt-tab-layout-inherit kt-mobile-layout-row kt-row-valign-top\">\n<style>.kadence-column3857_43e74a-20 > .kt-inside-inner-col,.kadence-column3857_43e74a-20 > .kt-inside-inner-col:before{border-top-left-radius:0px;border-top-right-radius:0px;border-bottom-right-radius:0px;border-bottom-left-radius:0px;}.kadence-column3857_43e74a-20 > .kt-inside-inner-col{column-gap:var(--global-kb-gap-sm, 1rem);}.kadence-column3857_43e74a-20 > .kt-inside-inner-col{flex-direction:column;}.kadence-column3857_43e74a-20 > .kt-inside-inner-col > .aligncenter{width:100%;}.kadence-column3857_43e74a-20 > .kt-inside-inner-col:before{opacity:0.3;}.kadence-column3857_43e74a-20{position:relative;}@media all and (max-width: 1024px){.kadence-column3857_43e74a-20 > .kt-inside-inner-col{flex-direction:column;justify-content:center;}}@media all and (max-width: 767px){.kadence-column3857_43e74a-20 > .kt-inside-inner-col{flex-direction:column;justify-content:center;}}<\/style>\n<div class=\"wp-block-kadence-column kadence-column3857_43e74a-20\"><div class=\"kt-inside-inner-col\"><style>.kb-row-layout-id3857_bf6c2c-f7 > .kt-row-column-wrap{align-content:start;}:where(.kb-row-layout-id3857_bf6c2c-f7 > .kt-row-column-wrap) > .wp-block-kadence-column{justify-content:start;}.kb-row-layout-id3857_bf6c2c-f7 > .kt-row-column-wrap{column-gap:var(--global-kb-gap-md, 2rem);row-gap:var(--global-kb-gap-md, 2rem);padding-top:var(--global-kb-spacing-sm, 1.5rem);padding-bottom:var(--global-kb-spacing-sm, 1.5rem);grid-template-columns:minmax(0, 1fr);}.kb-row-layout-id3857_bf6c2c-f7 > .kt-row-layout-overlay{opacity:0.30;}@media all and (max-width: 1024px){.kb-row-layout-id3857_bf6c2c-f7 > .kt-row-column-wrap{grid-template-columns:minmax(0, 1fr);}}@media all and (max-width: 767px){.kb-row-layout-id3857_bf6c2c-f7 > .kt-row-column-wrap{grid-template-columns:minmax(0, 1fr);}}<\/style><div class=\"kb-row-layout-wrap kb-row-layout-id3857_bf6c2c-f7 alignnone wp-block-kadence-rowlayout\"><div class=\"kt-row-column-wrap kt-has-1-columns kt-row-layout-equal kt-tab-layout-inherit kt-mobile-layout-row kt-row-valign-top\">\n<style>.kadence-column3857_48ee6a-0d > .kt-inside-inner-col,.kadence-column3857_48ee6a-0d > .kt-inside-inner-col:before{border-top-left-radius:0px;border-top-right-radius:0px;border-bottom-right-radius:0px;border-bottom-left-radius:0px;}.kadence-column3857_48ee6a-0d > .kt-inside-inner-col{column-gap:var(--global-kb-gap-sm, 1rem);}.kadence-column3857_48ee6a-0d > .kt-inside-inner-col{flex-direction:column;}.kadence-column3857_48ee6a-0d > .kt-inside-inner-col > .aligncenter{width:100%;}.kadence-column3857_48ee6a-0d > .kt-inside-inner-col:before{opacity:0.3;}.kadence-column3857_48ee6a-0d{position:relative;}@media all and (max-width: 1024px){.kadence-column3857_48ee6a-0d > .kt-inside-inner-col{flex-direction:column;justify-content:center;}}@media all and (max-width: 767px){.kadence-column3857_48ee6a-0d > .kt-inside-inner-col{flex-direction:column;justify-content:center;}}<\/style>\n<div class=\"wp-block-kadence-column kadence-column3857_48ee6a-0d\"><div class=\"kt-inside-inner-col\"><\/div><\/div>\n\n<\/div><\/div>\n\n\n<h2 class=\"wp-block-heading has-theme-palette-1-color has-text-color\">Couronne dentaire<\/h2>\n\n\n\n<p>Une couronne dentaire est une restauration proth\u00e9tique utilis\u00e9e pour recouvrir une dent endommag\u00e9e, d\u00e9labr\u00e9e ou faible.<\/p>\n<\/div><\/div>\n\n\n<style>.kadence-column3857_a74d61-36 > .kt-inside-inner-col,.kadence-column3857_a74d61-36 > .kt-inside-inner-col:before{border-top-left-radius:0px;border-top-right-radius:0px;border-bottom-right-radius:0px;border-bottom-left-radius:0px;}.kadence-column3857_a74d61-36 > .kt-inside-inner-col{column-gap:var(--global-kb-gap-sm, 1rem);}.kadence-column3857_a74d61-36 > .kt-inside-inner-col{flex-direction:column;}.kadence-column3857_a74d61-36 > .kt-inside-inner-col > .aligncenter{width:100%;}.kadence-column3857_a74d61-36 > .kt-inside-inner-col:before{opacity:0.3;}.kadence-column3857_a74d61-36{position:relative;}@media all and (max-width: 1024px){.kadence-column3857_a74d61-36 > .kt-inside-inner-col{flex-direction:column;justify-content:center;}}@media all and (max-width: 767px){.kadence-column3857_a74d61-36 > .kt-inside-inner-col{flex-direction:column;justify-content:center;}}<\/style>\n<div class=\"wp-block-kadence-column kadence-column3857_a74d61-36\"><div class=\"kt-inside-inner-col\"><div class=\"wp-block-image\">\n<figure class=\"aligncenter size-large is-resized\"><img data-recalc-dims=\"1\" loading=\"lazy\" decoding=\"async\" width=\"1024\" height=\"683\" data-attachment-id=\"3589\" data-permalink=\"https:\/\/santedentaireso.com\/en\/accueil\/santedentaireso2022-7401-3\/\" data-orig-file=\"https:\/\/i0.wp.com\/santedentaireso.com\/wp-content\/uploads\/2023\/05\/SanteDentaireSO2022-7401-1.jpg?fit=6720%2C4480&amp;ssl=1\" data-orig-size=\"6720,4480\" data-comments-opened=\"1\" data-image-meta=\"{&quot;aperture&quot;:&quot;2.8&quot;,&quot;credit&quot;:&quot;&quot;,&quot;camera&quot;:&quot;Canon EOS 5D Mark IV&quot;,&quot;caption&quot;:&quot;&quot;,&quot;created_timestamp&quot;:&quot;1663153397&quot;,&quot;copyright&quot;:&quot;&quot;,&quot;focal_length&quot;:&quot;70&quot;,&quot;iso&quot;:&quot;1250&quot;,&quot;shutter_speed&quot;:&quot;0.003125&quot;,&quot;title&quot;:&quot;&quot;,&quot;orientation&quot;:&quot;0&quot;}\" data-image-title=\"Sant\u00e9DentaireSO2022-7401\" data-image-description=\"\" data-image-caption=\"\" data-large-file=\"https:\/\/i0.wp.com\/santedentaireso.com\/wp-content\/uploads\/2023\/05\/SanteDentaireSO2022-7401-1.jpg?fit=1024%2C683&amp;ssl=1\" src=\"https:\/\/i0.wp.com\/santedentaireso.com\/wp-content\/uploads\/2023\/05\/SanteDentaireSO2022-7401-1.jpg?resize=1024%2C683&#038;ssl=1\" alt=\"\" class=\"wp-image-3589\" style=\"width:512px;height:342px\" srcset=\"https:\/\/i0.wp.com\/santedentaireso.com\/wp-content\/uploads\/2023\/05\/SanteDentaireSO2022-7401-1.jpg?resize=1024%2C683&amp;ssl=1 1024w, https:\/\/i0.wp.com\/santedentaireso.com\/wp-content\/uploads\/2023\/05\/SanteDentaireSO2022-7401-1.jpg?resize=300%2C200&amp;ssl=1 300w, https:\/\/i0.wp.com\/santedentaireso.com\/wp-content\/uploads\/2023\/05\/SanteDentaireSO2022-7401-1.jpg?resize=768%2C512&amp;ssl=1 768w, https:\/\/i0.wp.com\/santedentaireso.com\/wp-content\/uploads\/2023\/05\/SanteDentaireSO2022-7401-1.jpg?resize=1536%2C1024&amp;ssl=1 1536w, https:\/\/i0.wp.com\/santedentaireso.com\/wp-content\/uploads\/2023\/05\/SanteDentaireSO2022-7401-1.jpg?resize=2048%2C1365&amp;ssl=1 2048w, https:\/\/i0.wp.com\/santedentaireso.com\/wp-content\/uploads\/2023\/05\/SanteDentaireSO2022-7401-1.jpg?w=2580&amp;ssl=1 2580w, https:\/\/i0.wp.com\/santedentaireso.com\/wp-content\/uploads\/2023\/05\/SanteDentaireSO2022-7401-1.jpg?w=3870&amp;ssl=1 3870w\" sizes=\"auto, (max-width: 1024px) 100vw, 1024px\" \/><\/figure>\n<\/div><\/div><\/div>\n\n<\/div><\/div>\n\n\n<h2 class=\"wp-block-heading has-theme-palette-1-color has-text-color\">  Objectifs des couronnes dentaires <\/h2>\n\n\n\n<ul class=\"wp-block-list\">\n<li>Restauration de la fonction : Les couronnes dentaires permettent de restaurer la fonction masticatoire des dents qui sont affaiblies, fractur\u00e9es ou pr\u00e9sentent une carie importante.<\/li>\n\n\n\n<li>Protection : Les couronnes offrent une protection suppl\u00e9mentaire en recouvrant une dent fragilis\u00e9e, r\u00e9duisant ainsi le risque de fracture ou de dommages ult\u00e9rieurs.<\/li>\n\n\n\n<li>Esth\u00e9tique : Les couronnes peuvent \u00e9galement am\u00e9liorer l&rsquo;esth\u00e9tique dentaire en recouvrant des dents tach\u00e9es, d\u00e9color\u00e9es ou pr\u00e9sentant des d\u00e9fauts de forme.<\/li>\n<\/ul>\n\n\n\n<p>Chez Sant\u00e9 dentaire SO, nous utilisons la technologie Glidewell qui permet la fabrication de couronne en 1 jour.&nbsp; Ainsi, dans la m\u00eame journ\u00e9e (si votre cas s\u2019applique), vous ressortirez avec votre couronne ciment\u00e9e le m\u00eame jour.<\/p>\n\n\n\n<p>Venez-nous consulter chez Sant\u00e9 dentaire SO pour d\u00e9terminer si une couronne dentaire est appropri\u00e9e dans votre cas particulier. Nos dentistes \u00e9valueront l&rsquo;\u00e9tat de votre dent et discuteront avec vous des options de traitement les plus adapt\u00e9es \u00e0 vos besoins sp\u00e9cifiques.<\/p>\n\n\n<style>.wp-block-kadence-advancedheading.kt-adv-heading3857_6bb4f8-1f, .wp-block-kadence-advancedheading.kt-adv-heading3857_6bb4f8-1f[data-kb-block=\"kb-adv-heading3857_6bb4f8-1f\"]{margin-bottom:var(--global-kb-spacing-xs, 1rem);text-align:center;font-style:normal;text-transform:uppercase;}.wp-block-kadence-advancedheading.kt-adv-heading3857_6bb4f8-1f mark.kt-highlight, .wp-block-kadence-advancedheading.kt-adv-heading3857_6bb4f8-1f[data-kb-block=\"kb-adv-heading3857_6bb4f8-1f\"] mark.kt-highlight{font-style:normal;color:#f76a0c;-webkit-box-decoration-break:clone;box-decoration-break:clone;padding-top:0px;padding-right:0px;padding-bottom:0px;padding-left:0px;}.wp-block-kadence-advancedheading.kt-adv-heading3857_6bb4f8-1f img.kb-inline-image, .wp-block-kadence-advancedheading.kt-adv-heading3857_6bb4f8-1f[data-kb-block=\"kb-adv-heading3857_6bb4f8-1f\"] img.kb-inline-image{width:150px;vertical-align:baseline;}<\/style>\n<h3 class=\"kt-adv-heading3857_6bb4f8-1f wp-block-kadence-advancedheading has-theme-palette-1-color has-text-color\" data-kb-block=\"kb-adv-heading3857_6bb4f8-1f\">Prenez rendez-vous d\u00e8s aujourd&rsquo;hui<\/h3>\n\n\n\n<p class=\"has-text-align-center has-lg-font-size\">Contactez-nous pour une consultation en couronne dentaire.<br>Gr\u00e2ce \u00e0 notre technologie de fabrication sur place, il est possible, selon votre situation, de concevoir et de poser votre couronne le m\u00eame jour.<\/p>\n\n\n<style>.wp-block-kadence-advancedbtn.kb-btns3857_82a3aa-e8{gap:var(--global-kb-gap-xs, 0.5rem );justify-content:center;align-items:center;}.kt-btns3857_82a3aa-e8 .kt-button{font-weight:normal;font-style:normal;}.kt-btns3857_82a3aa-e8 .kt-btn-wrap-0{margin-right:5px;}.wp-block-kadence-advancedbtn.kt-btns3857_82a3aa-e8 .kt-btn-wrap-0 .kt-button{color:#555555;border-color:#555555;}.wp-block-kadence-advancedbtn.kt-btns3857_82a3aa-e8 .kt-btn-wrap-0 .kt-button:hover, .wp-block-kadence-advancedbtn.kt-btns3857_82a3aa-e8 .kt-btn-wrap-0 .kt-button:focus{color:#ffffff;border-color:#444444;}.wp-block-kadence-advancedbtn.kt-btns3857_82a3aa-e8 .kt-btn-wrap-0 .kt-button::before{display:none;}.wp-block-kadence-advancedbtn.kt-btns3857_82a3aa-e8 .kt-btn-wrap-0 .kt-button:hover, .wp-block-kadence-advancedbtn.kt-btns3857_82a3aa-e8 .kt-btn-wrap-0 .kt-button:focus{background:#444444;}<\/style>\n<div class=\"wp-block-kadence-advancedbtn kb-buttons-wrap kb-btns3857_82a3aa-e8\"><style>ul.menu .wp-block-kadence-advancedbtn .kb-btn3857_48bfde-97.kb-button{width:initial;}<\/style><a class=\"kb-button kt-button button kb-btn3857_48bfde-97 kt-btn-size-standard kt-btn-width-type-auto kb-btn-global-inherit  kt-btn-has-text-true kt-btn-has-svg-false  wp-block-button__link wp-block-kadence-singlebtn\" href=\"https:\/\/santedentaireso.com\/contact\/\"><span class=\"kt-btn-inner-text\">Prendre rendez-vous<\/span><\/a><\/div>\n\n\n\n<p class=\"has-theme-palette-7-color has-text-color\">chirurgien dentiste esth\u00e9tique \/ facette au dentiste \/ dentisterie esth\u00e9tique<\/p>\n","protected":false},"excerpt":{"rendered":"<p>Couronne dentaire Une couronne dentaire est une restauration proth\u00e9tique utilis\u00e9e pour recouvrir une dent endommag\u00e9e, d\u00e9labr\u00e9e ou faible. Objectifs des couronnes dentaires Chez Sant\u00e9 dentaire SO, nous utilisons la technologie Glidewell qui permet la fabrication de couronne en 1 jour.&nbsp; Ainsi, dans la m\u00eame journ\u00e9e (si votre cas s\u2019applique), vous ressortirez avec votre couronne ciment\u00e9e&#8230;<\/p>","protected":false},"author":1,"featured_media":0,"parent":0,"menu_order":0,"comment_status":"closed","ping_status":"closed","template":"","meta":{"_kad_post_transparent":"","_kad_post_title":"hide","_kad_post_layout":"","_kad_post_sidebar_id":"","_kad_post_content_style":"unboxed","_kad_post_vertical_padding":"","_kad_post_feature":"","_kad_post_feature_position":"","_kad_post_header":false,"_kad_post_footer":false,"footnotes":""},"class_list":["post-3857","page","type-page","status-publish","hentry"],"yoast_head":"<!-- This site is optimized with the Yoast SEO plugin v27.5 - https:\/\/yoast.com\/product\/yoast-seo-wordpress\/ -->\n<title>Couronne dentaire -<\/title>\n<meta name=\"robots\" content=\"index, follow, max-snippet:-1, max-image-preview:large, max-video-preview:-1\" \/>\n<link rel=\"canonical\" href=\"https:\/\/santedentaireso.com\/en\/couronne-dentaire\/\" \/>\n<meta property=\"og:locale\" content=\"en_US\" \/>\n<meta property=\"og:type\" content=\"article\" \/>\n<meta property=\"og:title\" content=\"Couronne dentaire -\" \/>\n<meta property=\"og:description\" content=\"Couronne dentaire Une couronne dentaire est une restauration proth\u00e9tique utilis\u00e9e pour recouvrir une dent endommag\u00e9e, d\u00e9labr\u00e9e ou faible. Objectifs des couronnes dentaires Chez Sant\u00e9 dentaire SO, nous utilisons la technologie Glidewell qui permet la fabrication de couronne en 1 jour.&nbsp; Ainsi, dans la m\u00eame journ\u00e9e (si votre cas s\u2019applique), vous ressortirez avec votre couronne ciment\u00e9e...\" \/>\n<meta property=\"og:url\" content=\"https:\/\/santedentaireso.com\/en\/couronne-dentaire\/\" \/>\n<meta property=\"article:publisher\" content=\"https:\/\/www.facebook.com\/santedentaireSO\/\" \/>\n<meta property=\"article:modified_time\" content=\"2026-01-08T19:57:25+00:00\" \/>\n<meta property=\"og:image\" content=\"https:\/\/santedentaireso.com\/wp-content\/uploads\/2023\/05\/SanteDentaireSO2022-7401-1-1024x683.jpg\" \/>\n<meta name=\"twitter:card\" content=\"summary_large_image\" \/>\n<meta name=\"twitter:label1\" content=\"Est. reading time\" \/>\n\t<meta name=\"twitter:data1\" content=\"2 minutes\" \/>\n<script type=\"application\/ld+json\" class=\"yoast-schema-graph\">{\"@context\":\"https:\\\/\\\/schema.org\",\"@graph\":[{\"@type\":\"WebPage\",\"@id\":\"https:\\\/\\\/santedentaireso.com\\\/couronne-dentaire\\\/\",\"url\":\"https:\\\/\\\/santedentaireso.com\\\/couronne-dentaire\\\/\",\"name\":\"Couronne dentaire -\",\"isPartOf\":{\"@id\":\"https:\\\/\\\/santedentaireso.com\\\/#website\"},\"primaryImageOfPage\":{\"@id\":\"https:\\\/\\\/santedentaireso.com\\\/couronne-dentaire\\\/#primaryimage\"},\"image\":{\"@id\":\"https:\\\/\\\/santedentaireso.com\\\/couronne-dentaire\\\/#primaryimage\"},\"thumbnailUrl\":\"https:\\\/\\\/santedentaireso.com\\\/wp-content\\\/uploads\\\/2023\\\/05\\\/SanteDentaireSO2022-7401-1-1024x683.jpg\",\"datePublished\":\"2023-06-05T13:43:31+00:00\",\"dateModified\":\"2026-01-08T19:57:25+00:00\",\"breadcrumb\":{\"@id\":\"https:\\\/\\\/santedentaireso.com\\\/couronne-dentaire\\\/#breadcrumb\"},\"inLanguage\":\"en-CA\",\"potentialAction\":[{\"@type\":\"ReadAction\",\"target\":[\"https:\\\/\\\/santedentaireso.com\\\/couronne-dentaire\\\/\"]}]},{\"@type\":\"ImageObject\",\"inLanguage\":\"en-CA\",\"@id\":\"https:\\\/\\\/santedentaireso.com\\\/couronne-dentaire\\\/#primaryimage\",\"url\":\"https:\\\/\\\/santedentaireso.com\\\/wp-content\\\/uploads\\\/2023\\\/05\\\/SanteDentaireSO2022-7401-1-1024x683.jpg\",\"contentUrl\":\"https:\\\/\\\/santedentaireso.com\\\/wp-content\\\/uploads\\\/2023\\\/05\\\/SanteDentaireSO2022-7401-1-1024x683.jpg\"},{\"@type\":\"BreadcrumbList\",\"@id\":\"https:\\\/\\\/santedentaireso.com\\\/couronne-dentaire\\\/#breadcrumb\",\"itemListElement\":[{\"@type\":\"ListItem\",\"position\":1,\"name\":\"Accueil\",\"item\":\"https:\\\/\\\/santedentaireso.com\\\/\"},{\"@type\":\"ListItem\",\"position\":2,\"name\":\"Couronne dentaire\"}]},{\"@type\":\"WebSite\",\"@id\":\"https:\\\/\\\/santedentaireso.com\\\/#website\",\"url\":\"https:\\\/\\\/santedentaireso.com\\\/\",\"name\":\"\",\"description\":\"Votre clinique dentaire dans le sud-ouest de Montr\u00e9al\",\"publisher\":{\"@id\":\"https:\\\/\\\/santedentaireso.com\\\/#organization\"},\"potentialAction\":[{\"@type\":\"SearchAction\",\"target\":{\"@type\":\"EntryPoint\",\"urlTemplate\":\"https:\\\/\\\/santedentaireso.com\\\/?s={search_term_string}\"},\"query-input\":{\"@type\":\"PropertyValueSpecification\",\"valueRequired\":true,\"valueName\":\"search_term_string\"}}],\"inLanguage\":\"en-CA\"},{\"@type\":\"Organization\",\"@id\":\"https:\\\/\\\/santedentaireso.com\\\/#organization\",\"name\":\"Sant\u00e9 dentaire SO\",\"url\":\"https:\\\/\\\/santedentaireso.com\\\/\",\"logo\":{\"@type\":\"ImageObject\",\"inLanguage\":\"en-CA\",\"@id\":\"https:\\\/\\\/santedentaireso.com\\\/#\\\/schema\\\/logo\\\/image\\\/\",\"url\":\"https:\\\/\\\/i0.wp.com\\\/santedentaireso.com\\\/wp-content\\\/uploads\\\/2021\\\/05\\\/cropped-cropped-Capture-decran-le-2021-05-26-a-16.19.35.png?fit=400%2C400&ssl=1\",\"contentUrl\":\"https:\\\/\\\/i0.wp.com\\\/santedentaireso.com\\\/wp-content\\\/uploads\\\/2021\\\/05\\\/cropped-cropped-Capture-decran-le-2021-05-26-a-16.19.35.png?fit=400%2C400&ssl=1\",\"width\":400,\"height\":400,\"caption\":\"Sant\u00e9 dentaire SO\"},\"image\":{\"@id\":\"https:\\\/\\\/santedentaireso.com\\\/#\\\/schema\\\/logo\\\/image\\\/\"},\"sameAs\":[\"https:\\\/\\\/www.facebook.com\\\/santedentaireSO\\\/\"]}]}<\/script>\n<!-- \/ Yoast SEO plugin. -->","yoast_head_json":{"title":"Couronne dentaire -","robots":{"index":"index","follow":"follow","max-snippet":"max-snippet:-1","max-image-preview":"max-image-preview:large","max-video-preview":"max-video-preview:-1"},"canonical":"https:\/\/santedentaireso.com\/en\/couronne-dentaire\/","og_locale":"en_US","og_type":"article","og_title":"Couronne dentaire -","og_description":"Couronne dentaire Une couronne dentaire est une restauration proth\u00e9tique utilis\u00e9e pour recouvrir une dent endommag\u00e9e, d\u00e9labr\u00e9e ou faible. Objectifs des couronnes dentaires Chez Sant\u00e9 dentaire SO, nous utilisons la technologie Glidewell qui permet la fabrication de couronne en 1 jour.&nbsp; Ainsi, dans la m\u00eame journ\u00e9e (si votre cas s\u2019applique), vous ressortirez avec votre couronne ciment\u00e9e...","og_url":"https:\/\/santedentaireso.com\/en\/couronne-dentaire\/","article_publisher":"https:\/\/www.facebook.com\/santedentaireSO\/","article_modified_time":"2026-01-08T19:57:25+00:00","og_image":[{"url":"https:\/\/santedentaireso.com\/wp-content\/uploads\/2023\/05\/SanteDentaireSO2022-7401-1-1024x683.jpg","type":"","width":"","height":""}],"twitter_card":"summary_large_image","twitter_misc":{"Est. reading time":"2 minutes"},"schema":{"@context":"https:\/\/schema.org","@graph":[{"@type":"WebPage","@id":"https:\/\/santedentaireso.com\/couronne-dentaire\/","url":"https:\/\/santedentaireso.com\/couronne-dentaire\/","name":"Couronne dentaire -","isPartOf":{"@id":"https:\/\/santedentaireso.com\/#website"},"primaryImageOfPage":{"@id":"https:\/\/santedentaireso.com\/couronne-dentaire\/#primaryimage"},"image":{"@id":"https:\/\/santedentaireso.com\/couronne-dentaire\/#primaryimage"},"thumbnailUrl":"https:\/\/santedentaireso.com\/wp-content\/uploads\/2023\/05\/SanteDentaireSO2022-7401-1-1024x683.jpg","datePublished":"2023-06-05T13:43:31+00:00","dateModified":"2026-01-08T19:57:25+00:00","breadcrumb":{"@id":"https:\/\/santedentaireso.com\/couronne-dentaire\/#breadcrumb"},"inLanguage":"en-CA","potentialAction":[{"@type":"ReadAction","target":["https:\/\/santedentaireso.com\/couronne-dentaire\/"]}]},{"@type":"ImageObject","inLanguage":"en-CA","@id":"https:\/\/santedentaireso.com\/couronne-dentaire\/#primaryimage","url":"https:\/\/santedentaireso.com\/wp-content\/uploads\/2023\/05\/SanteDentaireSO2022-7401-1-1024x683.jpg","contentUrl":"https:\/\/santedentaireso.com\/wp-content\/uploads\/2023\/05\/SanteDentaireSO2022-7401-1-1024x683.jpg"},{"@type":"BreadcrumbList","@id":"https:\/\/santedentaireso.com\/couronne-dentaire\/#breadcrumb","itemListElement":[{"@type":"ListItem","position":1,"name":"Accueil","item":"https:\/\/santedentaireso.com\/"},{"@type":"ListItem","position":2,"name":"Couronne dentaire"}]},{"@type":"WebSite","@id":"https:\/\/santedentaireso.com\/#website","url":"https:\/\/santedentaireso.com\/","name":"","description":"Votre clinique dentaire dans le sud-ouest de Montr\u00e9al","publisher":{"@id":"https:\/\/santedentaireso.com\/#organization"},"potentialAction":[{"@type":"SearchAction","target":{"@type":"EntryPoint","urlTemplate":"https:\/\/santedentaireso.com\/?s={search_term_string}"},"query-input":{"@type":"PropertyValueSpecification","valueRequired":true,"valueName":"search_term_string"}}],"inLanguage":"en-CA"},{"@type":"Organization","@id":"https:\/\/santedentaireso.com\/#organization","name":"Sant\u00e9 dentaire SO","url":"https:\/\/santedentaireso.com\/","logo":{"@type":"ImageObject","inLanguage":"en-CA","@id":"https:\/\/santedentaireso.com\/#\/schema\/logo\/image\/","url":"https:\/\/i0.wp.com\/santedentaireso.com\/wp-content\/uploads\/2021\/05\/cropped-cropped-Capture-decran-le-2021-05-26-a-16.19.35.png?fit=400%2C400&ssl=1","contentUrl":"https:\/\/i0.wp.com\/santedentaireso.com\/wp-content\/uploads\/2021\/05\/cropped-cropped-Capture-decran-le-2021-05-26-a-16.19.35.png?fit=400%2C400&ssl=1","width":400,"height":400,"caption":"Sant\u00e9 dentaire SO"},"image":{"@id":"https:\/\/santedentaireso.com\/#\/schema\/logo\/image\/"},"sameAs":["https:\/\/www.facebook.com\/santedentaireSO\/"]}]}},"jetpack_sharing_enabled":true,"jetpack_shortlink":"https:\/\/wp.me\/Pa5GJh-10d","jetpack_likes_enabled":false,"_links":{"self":[{"href":"https:\/\/santedentaireso.com\/en\/wp-json\/wp\/v2\/pages\/3857","targetHints":{"allow":["GET"]}}],"collection":[{"href":"https:\/\/santedentaireso.com\/en\/wp-json\/wp\/v2\/pages"}],"about":[{"href":"https:\/\/santedentaireso.com\/en\/wp-json\/wp\/v2\/types\/page"}],"author":[{"embeddable":true,"href":"https:\/\/santedentaireso.com\/en\/wp-json\/wp\/v2\/users\/1"}],"replies":[{"embeddable":true,"href":"https:\/\/santedentaireso.com\/en\/wp-json\/wp\/v2\/comments?post=3857"}],"version-history":[{"count":11,"href":"https:\/\/santedentaireso.com\/en\/wp-json\/wp\/v2\/pages\/3857\/revisions"}],"predecessor-version":[{"id":6785,"href":"https:\/\/santedentaireso.com\/en\/wp-json\/wp\/v2\/pages\/3857\/revisions\/6785"}],"wp:attachment":[{"href":"https:\/\/santedentaireso.com\/en\/wp-json\/wp\/v2\/media?parent=3857"}],"curies":[{"name":"wp","href":"https:\/\/api.w.org\/{rel}","templated":true}]}}