{"id":3160,"date":"2023-05-27T20:54:57","date_gmt":"2023-05-27T20:54:57","guid":{"rendered":"https:\/\/santedentaireso.com\/?page_id=3160"},"modified":"2026-01-08T20:08:29","modified_gmt":"2026-01-08T20:08:29","slug":"plaque-occlusale","status":"publish","type":"page","link":"https:\/\/santedentaireso.com\/en\/plaque-occlusale\/","title":{"rendered":"Night guard"},"content":{"rendered":"<style>.kb-row-layout-id3160_84963d-5a > .kt-row-column-wrap{align-content:start;}:where(.kb-row-layout-id3160_84963d-5a > .kt-row-column-wrap) > .wp-block-kadence-column{justify-content:start;}.kb-row-layout-id3160_84963d-5a > .kt-row-column-wrap{column-gap:var(--global-kb-gap-md, 2rem);row-gap:var(--global-kb-gap-md, 2rem);padding-top:var(--global-kb-spacing-sm, 1.5rem);padding-bottom:var(--global-kb-spacing-sm, 1.5rem);grid-template-columns:minmax(0, 2fr) minmax(0, 1fr);}.kb-row-layout-id3160_84963d-5a > .kt-row-layout-overlay{opacity:0.30;}@media all and (max-width: 1024px){.kb-row-layout-id3160_84963d-5a > .kt-row-column-wrap{grid-template-columns:minmax(0, 2fr) minmax(0, 1fr);}}@media all and (max-width: 767px){.kb-row-layout-id3160_84963d-5a > .kt-row-column-wrap{grid-template-columns:minmax(0, 1fr);}}<\/style><div class=\"kb-row-layout-wrap kb-row-layout-id3160_84963d-5a alignnone wp-block-kadence-rowlayout\"><div class=\"kt-row-column-wrap kt-has-2-columns kt-row-layout-left-golden kt-tab-layout-inherit kt-mobile-layout-row kt-row-valign-top\">\n<style>.kadence-column3160_0c52b1-ed > .kt-inside-inner-col,.kadence-column3160_0c52b1-ed > .kt-inside-inner-col:before{border-top-left-radius:0px;border-top-right-radius:0px;border-bottom-right-radius:0px;border-bottom-left-radius:0px;}.kadence-column3160_0c52b1-ed > .kt-inside-inner-col{column-gap:var(--global-kb-gap-sm, 1rem);}.kadence-column3160_0c52b1-ed > .kt-inside-inner-col{flex-direction:column;}.kadence-column3160_0c52b1-ed > .kt-inside-inner-col > .aligncenter{width:100%;}.kadence-column3160_0c52b1-ed > .kt-inside-inner-col:before{opacity:0.3;}.kadence-column3160_0c52b1-ed{position:relative;}@media all and (max-width: 1024px){.kadence-column3160_0c52b1-ed > .kt-inside-inner-col{flex-direction:column;justify-content:center;}}@media all and (max-width: 767px){.kadence-column3160_0c52b1-ed > .kt-inside-inner-col{flex-direction:column;justify-content:center;}}<\/style>\n<div class=\"wp-block-kadence-column kadence-column3160_0c52b1-ed\"><div class=\"kt-inside-inner-col\">\n<h2 class=\"wp-block-heading has-theme-palette-1-color has-text-color\">Plaque occlusale<\/h2>\n\n\n\n<p>La plaque occlusale est un appareil utilis\u00e9 en dentisterie pour prot\u00e9ger les dents et l\u2019articulation temporo-mandibulaire durant le sommeil. Elle sert aussi \u00e0 traiter diff\u00e9rents probl\u00e8mes li\u00e9s au serrement et grincement des dents, connu sous le nom de bruxisme.<br>Celle-ci est g\u00e9n\u00e9ralement fabriqu\u00e9 \u00e0 partir d\u2019un mat\u00e9riau dur et durable et est con\u00e7u pour s\u2019adapter aux dents sup\u00e9rieures ou inf\u00e9rieures. Elle procure un effet amortissant pour absorber les forces g\u00e9n\u00e9r\u00e9es lors du grincement ou du serrement des dents.<\/p>\n<\/div><\/div>\n\n\n<style>.kadence-column3160_c791f1-d2 > .kt-inside-inner-col,.kadence-column3160_c791f1-d2 > .kt-inside-inner-col:before{border-top-left-radius:0px;border-top-right-radius:0px;border-bottom-right-radius:0px;border-bottom-left-radius:0px;}.kadence-column3160_c791f1-d2 > .kt-inside-inner-col{column-gap:var(--global-kb-gap-sm, 1rem);}.kadence-column3160_c791f1-d2 > .kt-inside-inner-col{flex-direction:column;}.kadence-column3160_c791f1-d2 > .kt-inside-inner-col > .aligncenter{width:100%;}.kadence-column3160_c791f1-d2 > .kt-inside-inner-col:before{opacity:0.3;}.kadence-column3160_c791f1-d2{position:relative;}@media all and (max-width: 1024px){.kadence-column3160_c791f1-d2 > .kt-inside-inner-col{flex-direction:column;justify-content:center;}}@media all and (max-width: 767px){.kadence-column3160_c791f1-d2 > .kt-inside-inner-col{flex-direction:column;justify-content:center;}}<\/style>\n<div class=\"wp-block-kadence-column kadence-column3160_c791f1-d2\"><div class=\"kt-inside-inner-col\"><style>.kb-image3160_aee65f-e4 .kb-image-has-overlay:after{opacity:0.3;}<\/style>\n<figure class=\"wp-block-kadence-image kb-image3160_aee65f-e4 size-large\"><img data-recalc-dims=\"1\" loading=\"lazy\" decoding=\"async\" width=\"1024\" height=\"683\" data-attachment-id=\"3795\" data-permalink=\"https:\/\/santedentaireso.com\/en\/plaque-occlusale\/santedentaireso2022-7423\/\" data-orig-file=\"https:\/\/i0.wp.com\/santedentaireso.com\/wp-content\/uploads\/2023\/06\/SanteDentaireSO2022-7423.jpg?fit=4673%2C3115&amp;ssl=1\" data-orig-size=\"4673,3115\" data-comments-opened=\"1\" data-image-meta=\"{&quot;aperture&quot;:&quot;5&quot;,&quot;credit&quot;:&quot;&quot;,&quot;camera&quot;:&quot;Canon EOS 5D Mark IV&quot;,&quot;caption&quot;:&quot;&quot;,&quot;created_timestamp&quot;:&quot;1663153750&quot;,&quot;copyright&quot;:&quot;&quot;,&quot;focal_length&quot;:&quot;70&quot;,&quot;iso&quot;:&quot;1250&quot;,&quot;shutter_speed&quot;:&quot;0.00625&quot;,&quot;title&quot;:&quot;&quot;,&quot;orientation&quot;:&quot;0&quot;}\" data-image-title=\"Sant\u00e9DentaireSO2022-7423\" data-image-description=\"\" data-image-caption=\"\" data-medium-file=\"https:\/\/i0.wp.com\/santedentaireso.com\/wp-content\/uploads\/2023\/06\/SanteDentaireSO2022-7423.jpg?fit=300%2C200&amp;ssl=1\" data-large-file=\"https:\/\/i0.wp.com\/santedentaireso.com\/wp-content\/uploads\/2023\/06\/SanteDentaireSO2022-7423.jpg?fit=1024%2C683&amp;ssl=1\" src=\"https:\/\/i0.wp.com\/santedentaireso.com\/wp-content\/uploads\/2023\/06\/SanteDentaireSO2022-7423.jpg?resize=1024%2C683&#038;ssl=1\" alt=\"\" class=\"kb-img wp-image-3795\" srcset=\"https:\/\/i0.wp.com\/santedentaireso.com\/wp-content\/uploads\/2023\/06\/SanteDentaireSO2022-7423.jpg?resize=1024%2C683&amp;ssl=1 1024w, https:\/\/i0.wp.com\/santedentaireso.com\/wp-content\/uploads\/2023\/06\/SanteDentaireSO2022-7423.jpg?resize=300%2C200&amp;ssl=1 300w, https:\/\/i0.wp.com\/santedentaireso.com\/wp-content\/uploads\/2023\/06\/SanteDentaireSO2022-7423.jpg?resize=768%2C512&amp;ssl=1 768w, https:\/\/i0.wp.com\/santedentaireso.com\/wp-content\/uploads\/2023\/06\/SanteDentaireSO2022-7423.jpg?resize=1536%2C1024&amp;ssl=1 1536w, https:\/\/i0.wp.com\/santedentaireso.com\/wp-content\/uploads\/2023\/06\/SanteDentaireSO2022-7423.jpg?resize=2048%2C1365&amp;ssl=1 2048w, https:\/\/i0.wp.com\/santedentaireso.com\/wp-content\/uploads\/2023\/06\/SanteDentaireSO2022-7423.jpg?w=2580&amp;ssl=1 2580w, https:\/\/i0.wp.com\/santedentaireso.com\/wp-content\/uploads\/2023\/06\/SanteDentaireSO2022-7423.jpg?w=3870&amp;ssl=1 3870w\" sizes=\"auto, (max-width: 1024px) 100vw, 1024px\" \/><\/figure>\n<\/div><\/div>\n\n<\/div><\/div>\n\n\n<p>Voici quelques informations sur la plaque occlusale :<\/p>\n\n\n\n<ol class=\"wp-block-list\">\n<li>Objectifs de la plaque occlusale :<\/li>\n<\/ol>\n\n\n\n<ul class=\"wp-block-list\">\n<li>Protection des dents : La plaque occlusale est souvent utilis\u00e9e pour prot\u00e9ger les dents contre l&rsquo;usure excessive due au grincement ou au serrement des dents (bruxisme) pendant le sommeil.<\/li>\n\n\n\n<li>Soulagement de la douleur : Elle peut \u00e9galement soulager les sympt\u00f4mes associ\u00e9s au bruxisme (grincement) tels que les maux de t\u00eate, les douleurs aux dents et \u00e0 la m\u00e2choire et les douleurs musculaires du visage.<\/li>\n\n\n\n<li>Plaque occlusale sur mesure : Elle est adapt\u00e9e individuellement \u00e0 la bouche de chaque patient. Elle est fabriqu\u00e9e \u00e0 partir d\u2019un scan des dents du patient et offre un ajustement plus pr\u00e9cis et confortable par rapport aux plaques occlusales de type \u00ab taille unique \u00bb. Des visites de contr\u00f4le permettent de s\u2019assurer d\u2019un meilleur ajustement et confort de la plaque.<\/li>\n<\/ul>\n\n\n\n<p>Nos dentistes pourront d\u00e9terminer si une plaque occlusale est appropri\u00e9e pour vous. Ils peuvent \u00e9valuer vos sympt\u00f4mes, vos dents et fournir des conseils sur le traitement appropri\u00e9 pour vous. Notre \u00e9quipe pourra \u00e9galement vous fournir des instructions pr\u00e9cises sur l&rsquo;utilisation et l&rsquo;entretien de la plaque occlusale. Par la suite, lors de vos visites d\u2019examens pr\u00e9ventifs, nous v\u00e9rifions qu\u2019elle reste bien ajust\u00e9e et prot\u00e8ge efficacement vos dents et vos m\u00e2choires.<\/p>\n\n\n<style>.kb-row-layout-id3160_b0dcc7-94 > .kt-row-column-wrap{align-content:start;}:where(.kb-row-layout-id3160_b0dcc7-94 > .kt-row-column-wrap) > .wp-block-kadence-column{justify-content:start;}.kb-row-layout-id3160_b0dcc7-94 > .kt-row-column-wrap{column-gap:var(--global-kb-gap-md, 2rem);row-gap:var(--global-kb-gap-md, 2rem);padding-top:var(--global-kb-spacing-sm, 1.5rem);padding-bottom:var(--global-kb-spacing-sm, 1.5rem);grid-template-columns:minmax(0, 1fr);}.kb-row-layout-id3160_b0dcc7-94 > .kt-row-layout-overlay{opacity:0.30;}@media all and (max-width: 1024px){.kb-row-layout-id3160_b0dcc7-94 > .kt-row-column-wrap{grid-template-columns:minmax(0, 1fr);}}@media all and (max-width: 767px){.kb-row-layout-id3160_b0dcc7-94 > .kt-row-column-wrap{grid-template-columns:minmax(0, 1fr);}}<\/style><div class=\"kb-row-layout-wrap kb-row-layout-id3160_b0dcc7-94 alignnone wp-block-kadence-rowlayout\"><div class=\"kt-row-column-wrap kt-has-1-columns kt-row-layout-equal kt-tab-layout-inherit kt-mobile-layout-row kt-row-valign-top\">\n<style>.kadence-column3160_d19378-47 > .kt-inside-inner-col,.kadence-column3160_d19378-47 > .kt-inside-inner-col:before{border-top-left-radius:0px;border-top-right-radius:0px;border-bottom-right-radius:0px;border-bottom-left-radius:0px;}.kadence-column3160_d19378-47 > .kt-inside-inner-col{column-gap:var(--global-kb-gap-sm, 1rem);}.kadence-column3160_d19378-47 > .kt-inside-inner-col{flex-direction:column;}.kadence-column3160_d19378-47 > .kt-inside-inner-col > .aligncenter{width:100%;}.kadence-column3160_d19378-47 > .kt-inside-inner-col:before{opacity:0.3;}.kadence-column3160_d19378-47{position:relative;}@media all and (max-width: 1024px){.kadence-column3160_d19378-47 > .kt-inside-inner-col{flex-direction:column;justify-content:center;}}@media all and (max-width: 767px){.kadence-column3160_d19378-47 > .kt-inside-inner-col{flex-direction:column;justify-content:center;}}<\/style>\n<div class=\"wp-block-kadence-column kadence-column3160_d19378-47\"><div class=\"kt-inside-inner-col\"><\/div><\/div>\n\n<\/div><\/div>\n\n\n<p class=\"has-text-align-center\">Nous acceptons divers modes de paiement, tels que&nbsp;<strong>l\u2019argent comptant<\/strong>, par&nbsp;<strong>carte de d\u00e9bit<\/strong>,&nbsp;<strong>Visa<\/strong>&nbsp;ou&nbsp;<strong>MasterCard<\/strong>. De plus, nous collaborons avec&nbsp;<strong><a href=\"http:\/\/www.dentalcard.ca\/\">Dental Card<\/a><\/strong>, qui propose des plans de paiement \u00e9chelonn\u00e9s allant<strong>&nbsp;jusqu\u2019\u00e0 60 mois<\/strong>. Notre objectif est de vous offrir des solutions de paiement flexibles afin de rendre nos services accessibles.<\/p>\n\n\n<style>.wp-block-kadence-advancedheading.kt-adv-heading3160_5c69c2-e6, .wp-block-kadence-advancedheading.kt-adv-heading3160_5c69c2-e6[data-kb-block=\"kb-adv-heading3160_5c69c2-e6\"]{margin-bottom:var(--global-kb-spacing-xs, 1rem);text-align:center;font-style:normal;text-transform:uppercase;}.wp-block-kadence-advancedheading.kt-adv-heading3160_5c69c2-e6 mark.kt-highlight, .wp-block-kadence-advancedheading.kt-adv-heading3160_5c69c2-e6[data-kb-block=\"kb-adv-heading3160_5c69c2-e6\"] mark.kt-highlight{font-style:normal;color:#f76a0c;-webkit-box-decoration-break:clone;box-decoration-break:clone;padding-top:0px;padding-right:0px;padding-bottom:0px;padding-left:0px;}.wp-block-kadence-advancedheading.kt-adv-heading3160_5c69c2-e6 img.kb-inline-image, .wp-block-kadence-advancedheading.kt-adv-heading3160_5c69c2-e6[data-kb-block=\"kb-adv-heading3160_5c69c2-e6\"] img.kb-inline-image{width:150px;vertical-align:baseline;}<\/style>\n<h3 class=\"kt-adv-heading3160_5c69c2-e6 wp-block-kadence-advancedheading has-theme-palette-1-color has-text-color\" data-kb-block=\"kb-adv-heading3160_5c69c2-e6\">Prenez rendez-vous d\u00e8s aujourd&rsquo;hui<\/h3>\n\n\n\n<p class=\"has-text-align-center has-lg-font-size\">Contactez-nous pour une consultation pour une plaque occlusale sur mesure.<br>Nous \u00e9valuons vos sympt\u00f4mes, votre occlusion et d\u00e9terminons si une plaque est indiqu\u00e9e afin de prot\u00e9ger vos dents, soulager les tensions et am\u00e9liorer votre confort au quotidien.<\/p>\n\n\n<style>.wp-block-kadence-advancedbtn.kb-btns3160_038e3b-07{gap:var(--global-kb-gap-xs, 0.5rem );justify-content:center;align-items:center;}.kt-btns3160_038e3b-07 .kt-button{font-weight:normal;font-style:normal;}.kt-btns3160_038e3b-07 .kt-btn-wrap-0{margin-right:5px;}.wp-block-kadence-advancedbtn.kt-btns3160_038e3b-07 .kt-btn-wrap-0 .kt-button{color:#555555;border-color:#555555;}.wp-block-kadence-advancedbtn.kt-btns3160_038e3b-07 .kt-btn-wrap-0 .kt-button:hover, .wp-block-kadence-advancedbtn.kt-btns3160_038e3b-07 .kt-btn-wrap-0 .kt-button:focus{color:#ffffff;border-color:#444444;}.wp-block-kadence-advancedbtn.kt-btns3160_038e3b-07 .kt-btn-wrap-0 .kt-button::before{display:none;}.wp-block-kadence-advancedbtn.kt-btns3160_038e3b-07 .kt-btn-wrap-0 .kt-button:hover, .wp-block-kadence-advancedbtn.kt-btns3160_038e3b-07 .kt-btn-wrap-0 .kt-button:focus{background:#444444;}<\/style>\n<div class=\"wp-block-kadence-advancedbtn kb-buttons-wrap kb-btns3160_038e3b-07\"><style>ul.menu .wp-block-kadence-advancedbtn .kb-btn3160_71eae5-6f.kb-button{width:initial;}<\/style><a class=\"kb-button kt-button button kb-btn3160_71eae5-6f kt-btn-size-standard kt-btn-width-type-auto kb-btn-global-inherit  kt-btn-has-text-true kt-btn-has-svg-false  wp-block-button__link wp-block-kadence-singlebtn\" href=\"https:\/\/santedentaireso.com\/contact\/\"><span class=\"kt-btn-inner-text\">Prendre rendez-vous<\/span><\/a><\/div>\n","protected":false},"excerpt":{"rendered":"<p>Plaque occlusale La plaque occlusale est un appareil utilis\u00e9 en dentisterie pour prot\u00e9ger les dents et l\u2019articulation temporo-mandibulaire durant le sommeil. Elle sert aussi \u00e0 traiter diff\u00e9rents probl\u00e8mes li\u00e9s au serrement et grincement des dents, connu sous le nom de bruxisme.Celle-ci est g\u00e9n\u00e9ralement fabriqu\u00e9 \u00e0 partir d\u2019un mat\u00e9riau dur et durable et est con\u00e7u pour&#8230;<\/p>","protected":false},"author":1,"featured_media":0,"parent":0,"menu_order":0,"comment_status":"closed","ping_status":"closed","template":"","meta":{"_kad_post_transparent":"","_kad_post_title":"hide","_kad_post_layout":"","_kad_post_sidebar_id":"","_kad_post_content_style":"unboxed","_kad_post_vertical_padding":"","_kad_post_feature":"","_kad_post_feature_position":"","_kad_post_header":false,"_kad_post_footer":false,"jetpack_post_was_ever_published":false,"footnotes":""},"class_list":["post-3160","page","type-page","status-publish","hentry"],"yoast_head":"<!-- This site is optimized with the Yoast SEO plugin v27.1.1 - https:\/\/yoast.com\/product\/yoast-seo-wordpress\/ -->\n<title>Plaque occlusale -<\/title>\n<meta name=\"robots\" content=\"index, follow, max-snippet:-1, max-image-preview:large, max-video-preview:-1\" \/>\n<link rel=\"canonical\" href=\"https:\/\/santedentaireso.com\/en\/plaque-occlusale\/\" \/>\n<meta property=\"og:locale\" content=\"en_US\" \/>\n<meta property=\"og:type\" content=\"article\" \/>\n<meta property=\"og:title\" content=\"Plaque occlusale -\" \/>\n<meta property=\"og:description\" content=\"Plaque occlusale La plaque occlusale est un appareil utilis\u00e9 en dentisterie pour prot\u00e9ger les dents et l\u2019articulation temporo-mandibulaire durant le sommeil. Elle sert aussi \u00e0 traiter diff\u00e9rents probl\u00e8mes li\u00e9s au serrement et grincement des dents, connu sous le nom de bruxisme.Celle-ci est g\u00e9n\u00e9ralement fabriqu\u00e9 \u00e0 partir d\u2019un mat\u00e9riau dur et durable et est con\u00e7u pour...\" \/>\n<meta property=\"og:url\" content=\"https:\/\/santedentaireso.com\/en\/plaque-occlusale\/\" \/>\n<meta property=\"article:publisher\" content=\"https:\/\/www.facebook.com\/santedentaireSO\/\" \/>\n<meta property=\"article:modified_time\" content=\"2026-01-08T20:08:29+00:00\" \/>\n<meta property=\"og:image\" content=\"https:\/\/santedentaireso.com\/wp-content\/uploads\/2023\/06\/SanteDentaireSO2022-7423-1024x683.jpg\" \/>\n<meta name=\"twitter:card\" content=\"summary_large_image\" \/>\n<meta name=\"twitter:label1\" content=\"Est. reading time\" \/>\n\t<meta name=\"twitter:data1\" content=\"3 minutes\" \/>\n<script type=\"application\/ld+json\" class=\"yoast-schema-graph\">{\"@context\":\"https:\/\/schema.org\",\"@graph\":[{\"@type\":\"WebPage\",\"@id\":\"https:\/\/santedentaireso.com\/plaque-occlusale\/\",\"url\":\"https:\/\/santedentaireso.com\/plaque-occlusale\/\",\"name\":\"Plaque occlusale -\",\"isPartOf\":{\"@id\":\"https:\/\/santedentaireso.com\/#website\"},\"primaryImageOfPage\":{\"@id\":\"https:\/\/santedentaireso.com\/plaque-occlusale\/#primaryimage\"},\"image\":{\"@id\":\"https:\/\/santedentaireso.com\/plaque-occlusale\/#primaryimage\"},\"thumbnailUrl\":\"https:\/\/santedentaireso.com\/wp-content\/uploads\/2023\/06\/SanteDentaireSO2022-7423-1024x683.jpg\",\"datePublished\":\"2023-05-27T20:54:57+00:00\",\"dateModified\":\"2026-01-08T20:08:29+00:00\",\"breadcrumb\":{\"@id\":\"https:\/\/santedentaireso.com\/plaque-occlusale\/#breadcrumb\"},\"inLanguage\":\"en-CA\",\"potentialAction\":[{\"@type\":\"ReadAction\",\"target\":[\"https:\/\/santedentaireso.com\/plaque-occlusale\/\"]}]},{\"@type\":\"ImageObject\",\"inLanguage\":\"en-CA\",\"@id\":\"https:\/\/santedentaireso.com\/plaque-occlusale\/#primaryimage\",\"url\":\"https:\/\/santedentaireso.com\/wp-content\/uploads\/2023\/06\/SanteDentaireSO2022-7423-1024x683.jpg\",\"contentUrl\":\"https:\/\/santedentaireso.com\/wp-content\/uploads\/2023\/06\/SanteDentaireSO2022-7423-1024x683.jpg\"},{\"@type\":\"BreadcrumbList\",\"@id\":\"https:\/\/santedentaireso.com\/plaque-occlusale\/#breadcrumb\",\"itemListElement\":[{\"@type\":\"ListItem\",\"position\":1,\"name\":\"Accueil\",\"item\":\"https:\/\/santedentaireso.com\/\"},{\"@type\":\"ListItem\",\"position\":2,\"name\":\"Plaque occlusale\"}]},{\"@type\":\"WebSite\",\"@id\":\"https:\/\/santedentaireso.com\/#website\",\"url\":\"https:\/\/santedentaireso.com\/\",\"name\":\"\",\"description\":\"Votre clinique dentaire dans le sud-ouest de Montr\u00e9al\",\"publisher\":{\"@id\":\"https:\/\/santedentaireso.com\/#organization\"},\"potentialAction\":[{\"@type\":\"SearchAction\",\"target\":{\"@type\":\"EntryPoint\",\"urlTemplate\":\"https:\/\/santedentaireso.com\/?s={search_term_string}\"},\"query-input\":{\"@type\":\"PropertyValueSpecification\",\"valueRequired\":true,\"valueName\":\"search_term_string\"}}],\"inLanguage\":\"en-CA\"},{\"@type\":\"Organization\",\"@id\":\"https:\/\/santedentaireso.com\/#organization\",\"name\":\"Sant\u00e9 dentaire SO\",\"url\":\"https:\/\/santedentaireso.com\/\",\"logo\":{\"@type\":\"ImageObject\",\"inLanguage\":\"en-CA\",\"@id\":\"https:\/\/santedentaireso.com\/#\/schema\/logo\/image\/\",\"url\":\"https:\/\/i0.wp.com\/santedentaireso.com\/wp-content\/uploads\/2021\/05\/cropped-cropped-Capture-decran-le-2021-05-26-a-16.19.35.png?fit=400%2C400&ssl=1\",\"contentUrl\":\"https:\/\/i0.wp.com\/santedentaireso.com\/wp-content\/uploads\/2021\/05\/cropped-cropped-Capture-decran-le-2021-05-26-a-16.19.35.png?fit=400%2C400&ssl=1\",\"width\":400,\"height\":400,\"caption\":\"Sant\u00e9 dentaire SO\"},\"image\":{\"@id\":\"https:\/\/santedentaireso.com\/#\/schema\/logo\/image\/\"},\"sameAs\":[\"https:\/\/www.facebook.com\/santedentaireSO\/\"]}]}<\/script>\n<!-- \/ Yoast SEO plugin. -->","yoast_head_json":{"title":"Plaque occlusale -","robots":{"index":"index","follow":"follow","max-snippet":"max-snippet:-1","max-image-preview":"max-image-preview:large","max-video-preview":"max-video-preview:-1"},"canonical":"https:\/\/santedentaireso.com\/en\/plaque-occlusale\/","og_locale":"en_US","og_type":"article","og_title":"Plaque occlusale -","og_description":"Plaque occlusale La plaque occlusale est un appareil utilis\u00e9 en dentisterie pour prot\u00e9ger les dents et l\u2019articulation temporo-mandibulaire durant le sommeil. Elle sert aussi \u00e0 traiter diff\u00e9rents probl\u00e8mes li\u00e9s au serrement et grincement des dents, connu sous le nom de bruxisme.Celle-ci est g\u00e9n\u00e9ralement fabriqu\u00e9 \u00e0 partir d\u2019un mat\u00e9riau dur et durable et est con\u00e7u pour...","og_url":"https:\/\/santedentaireso.com\/en\/plaque-occlusale\/","article_publisher":"https:\/\/www.facebook.com\/santedentaireSO\/","article_modified_time":"2026-01-08T20:08:29+00:00","og_image":[{"url":"https:\/\/santedentaireso.com\/wp-content\/uploads\/2023\/06\/SanteDentaireSO2022-7423-1024x683.jpg","type":"","width":"","height":""}],"twitter_card":"summary_large_image","twitter_misc":{"Est. reading time":"3 minutes"},"schema":{"@context":"https:\/\/schema.org","@graph":[{"@type":"WebPage","@id":"https:\/\/santedentaireso.com\/plaque-occlusale\/","url":"https:\/\/santedentaireso.com\/plaque-occlusale\/","name":"Plaque occlusale -","isPartOf":{"@id":"https:\/\/santedentaireso.com\/#website"},"primaryImageOfPage":{"@id":"https:\/\/santedentaireso.com\/plaque-occlusale\/#primaryimage"},"image":{"@id":"https:\/\/santedentaireso.com\/plaque-occlusale\/#primaryimage"},"thumbnailUrl":"https:\/\/santedentaireso.com\/wp-content\/uploads\/2023\/06\/SanteDentaireSO2022-7423-1024x683.jpg","datePublished":"2023-05-27T20:54:57+00:00","dateModified":"2026-01-08T20:08:29+00:00","breadcrumb":{"@id":"https:\/\/santedentaireso.com\/plaque-occlusale\/#breadcrumb"},"inLanguage":"en-CA","potentialAction":[{"@type":"ReadAction","target":["https:\/\/santedentaireso.com\/plaque-occlusale\/"]}]},{"@type":"ImageObject","inLanguage":"en-CA","@id":"https:\/\/santedentaireso.com\/plaque-occlusale\/#primaryimage","url":"https:\/\/santedentaireso.com\/wp-content\/uploads\/2023\/06\/SanteDentaireSO2022-7423-1024x683.jpg","contentUrl":"https:\/\/santedentaireso.com\/wp-content\/uploads\/2023\/06\/SanteDentaireSO2022-7423-1024x683.jpg"},{"@type":"BreadcrumbList","@id":"https:\/\/santedentaireso.com\/plaque-occlusale\/#breadcrumb","itemListElement":[{"@type":"ListItem","position":1,"name":"Accueil","item":"https:\/\/santedentaireso.com\/"},{"@type":"ListItem","position":2,"name":"Plaque occlusale"}]},{"@type":"WebSite","@id":"https:\/\/santedentaireso.com\/#website","url":"https:\/\/santedentaireso.com\/","name":"","description":"Votre clinique dentaire dans le sud-ouest de Montr\u00e9al","publisher":{"@id":"https:\/\/santedentaireso.com\/#organization"},"potentialAction":[{"@type":"SearchAction","target":{"@type":"EntryPoint","urlTemplate":"https:\/\/santedentaireso.com\/?s={search_term_string}"},"query-input":{"@type":"PropertyValueSpecification","valueRequired":true,"valueName":"search_term_string"}}],"inLanguage":"en-CA"},{"@type":"Organization","@id":"https:\/\/santedentaireso.com\/#organization","name":"Sant\u00e9 dentaire SO","url":"https:\/\/santedentaireso.com\/","logo":{"@type":"ImageObject","inLanguage":"en-CA","@id":"https:\/\/santedentaireso.com\/#\/schema\/logo\/image\/","url":"https:\/\/i0.wp.com\/santedentaireso.com\/wp-content\/uploads\/2021\/05\/cropped-cropped-Capture-decran-le-2021-05-26-a-16.19.35.png?fit=400%2C400&ssl=1","contentUrl":"https:\/\/i0.wp.com\/santedentaireso.com\/wp-content\/uploads\/2021\/05\/cropped-cropped-Capture-decran-le-2021-05-26-a-16.19.35.png?fit=400%2C400&ssl=1","width":400,"height":400,"caption":"Sant\u00e9 dentaire SO"},"image":{"@id":"https:\/\/santedentaireso.com\/#\/schema\/logo\/image\/"},"sameAs":["https:\/\/www.facebook.com\/santedentaireSO\/"]}]}},"jetpack_sharing_enabled":true,"jetpack_shortlink":"https:\/\/wp.me\/Pa5GJh-OY","jetpack_likes_enabled":false,"_links":{"self":[{"href":"https:\/\/santedentaireso.com\/en\/wp-json\/wp\/v2\/pages\/3160","targetHints":{"allow":["GET"]}}],"collection":[{"href":"https:\/\/santedentaireso.com\/en\/wp-json\/wp\/v2\/pages"}],"about":[{"href":"https:\/\/santedentaireso.com\/en\/wp-json\/wp\/v2\/types\/page"}],"author":[{"embeddable":true,"href":"https:\/\/santedentaireso.com\/en\/wp-json\/wp\/v2\/users\/1"}],"replies":[{"embeddable":true,"href":"https:\/\/santedentaireso.com\/en\/wp-json\/wp\/v2\/comments?post=3160"}],"version-history":[{"count":7,"href":"https:\/\/santedentaireso.com\/en\/wp-json\/wp\/v2\/pages\/3160\/revisions"}],"predecessor-version":[{"id":6789,"href":"https:\/\/santedentaireso.com\/en\/wp-json\/wp\/v2\/pages\/3160\/revisions\/6789"}],"wp:attachment":[{"href":"https:\/\/santedentaireso.com\/en\/wp-json\/wp\/v2\/media?parent=3160"}],"curies":[{"name":"wp","href":"https:\/\/api.w.org\/{rel}","templated":true}]}}