{"id":3156,"date":"2023-05-27T20:53:46","date_gmt":"2023-05-27T20:53:46","guid":{"rendered":"https:\/\/santedentaireso.com\/?page_id=3156"},"modified":"2026-01-08T19:21:29","modified_gmt":"2026-01-08T19:21:29","slug":"greffe-de-gencive","status":"publish","type":"page","link":"https:\/\/santedentaireso.com\/en\/greffe-de-gencive\/","title":{"rendered":"Gum graft"},"content":{"rendered":"<style>.kb-row-layout-id3156_769ca3-83 > .kt-row-column-wrap{align-content:start;}:where(.kb-row-layout-id3156_769ca3-83 > .kt-row-column-wrap) > .wp-block-kadence-column{justify-content:start;}.kb-row-layout-id3156_769ca3-83 > .kt-row-column-wrap{column-gap:var(--global-kb-gap-md, 2rem);row-gap:var(--global-kb-gap-md, 2rem);padding-top:var(--global-kb-spacing-sm, 1.5rem);padding-bottom:var(--global-kb-spacing-sm, 1.5rem);grid-template-columns:repeat(2, minmax(0, 1fr));}.kb-row-layout-id3156_769ca3-83 > .kt-row-layout-overlay{opacity:0.30;}@media all and (max-width: 1024px){.kb-row-layout-id3156_769ca3-83 > .kt-row-column-wrap{grid-template-columns:repeat(2, minmax(0, 1fr));}}@media all and (max-width: 767px){.kb-row-layout-id3156_769ca3-83 > .kt-row-column-wrap{grid-template-columns:minmax(0, 1fr);}}<\/style><div class=\"kb-row-layout-wrap kb-row-layout-id3156_769ca3-83 alignnone wp-block-kadence-rowlayout\"><div class=\"kt-row-column-wrap kt-has-2-columns kt-row-layout-equal kt-tab-layout-inherit kt-mobile-layout-row kt-row-valign-top\">\n<style>.kadence-column3156_2190d4-f6 > .kt-inside-inner-col,.kadence-column3156_2190d4-f6 > .kt-inside-inner-col:before{border-top-left-radius:0px;border-top-right-radius:0px;border-bottom-right-radius:0px;border-bottom-left-radius:0px;}.kadence-column3156_2190d4-f6 > .kt-inside-inner-col{column-gap:var(--global-kb-gap-sm, 1rem);}.kadence-column3156_2190d4-f6 > .kt-inside-inner-col{flex-direction:column;}.kadence-column3156_2190d4-f6 > .kt-inside-inner-col > .aligncenter{width:100%;}.kadence-column3156_2190d4-f6 > .kt-inside-inner-col:before{opacity:0.3;}.kadence-column3156_2190d4-f6{position:relative;}@media all and (max-width: 1024px){.kadence-column3156_2190d4-f6 > .kt-inside-inner-col{flex-direction:column;justify-content:center;}}@media all and (max-width: 767px){.kadence-column3156_2190d4-f6 > .kt-inside-inner-col{flex-direction:column;justify-content:center;}}<\/style>\n<div class=\"wp-block-kadence-column kadence-column3156_2190d4-f6\"><div class=\"kt-inside-inner-col\"><style>.kb-row-layout-id3156_4759c4-ce > .kt-row-column-wrap{align-content:start;}:where(.kb-row-layout-id3156_4759c4-ce > .kt-row-column-wrap) > .wp-block-kadence-column{justify-content:start;}.kb-row-layout-id3156_4759c4-ce > .kt-row-column-wrap{column-gap:var(--global-kb-gap-md, 2rem);row-gap:var(--global-kb-gap-md, 2rem);padding-top:var(--global-kb-spacing-sm, 1.5rem);padding-bottom:var(--global-kb-spacing-sm, 1.5rem);grid-template-columns:minmax(0, 1fr);}.kb-row-layout-id3156_4759c4-ce > .kt-row-layout-overlay{opacity:0.30;}@media all and (max-width: 1024px){.kb-row-layout-id3156_4759c4-ce > .kt-row-column-wrap{grid-template-columns:minmax(0, 1fr);}}@media all and (max-width: 767px){.kb-row-layout-id3156_4759c4-ce > .kt-row-column-wrap{grid-template-columns:minmax(0, 1fr);}}<\/style><div class=\"kb-row-layout-wrap kb-row-layout-id3156_4759c4-ce alignnone wp-block-kadence-rowlayout\"><div class=\"kt-row-column-wrap kt-has-1-columns kt-row-layout-equal kt-tab-layout-inherit kt-mobile-layout-row kt-row-valign-top\">\n<style>.kadence-column3156_9116fe-9d > .kt-inside-inner-col,.kadence-column3156_9116fe-9d > .kt-inside-inner-col:before{border-top-left-radius:0px;border-top-right-radius:0px;border-bottom-right-radius:0px;border-bottom-left-radius:0px;}.kadence-column3156_9116fe-9d > .kt-inside-inner-col{column-gap:var(--global-kb-gap-sm, 1rem);}.kadence-column3156_9116fe-9d > .kt-inside-inner-col{flex-direction:column;}.kadence-column3156_9116fe-9d > .kt-inside-inner-col > .aligncenter{width:100%;}.kadence-column3156_9116fe-9d > .kt-inside-inner-col:before{opacity:0.3;}.kadence-column3156_9116fe-9d{position:relative;}@media all and (max-width: 1024px){.kadence-column3156_9116fe-9d > .kt-inside-inner-col{flex-direction:column;justify-content:center;}}@media all and (max-width: 767px){.kadence-column3156_9116fe-9d > .kt-inside-inner-col{flex-direction:column;justify-content:center;}}<\/style>\n<div class=\"wp-block-kadence-column kadence-column3156_9116fe-9d\"><div class=\"kt-inside-inner-col\"><\/div><\/div>\n\n<\/div><\/div>\n\n\n<p><\/p>\n\n\n\n<h2 class=\"wp-block-heading has-theme-palette-1-color has-text-color\">Greffe de gencive<\/h2>\n\n\n\n<p><\/p>\n\n\n\n<p>Les greffes de gencive, \u00e9galement connues sous le nom de greffes de tissus gingivaux, sont des proc\u00e9dures chirurgicales qui visent \u00e0 restaurer ou \u00e0 augmenter le tissu gingival. Voici quelques informations sur les greffes de gencive :<\/p>\n<\/div><\/div>\n\n\n<style>.kadence-column3156_b9557c-41 > .kt-inside-inner-col,.kadence-column3156_b9557c-41 > .kt-inside-inner-col:before{border-top-left-radius:0px;border-top-right-radius:0px;border-bottom-right-radius:0px;border-bottom-left-radius:0px;}.kadence-column3156_b9557c-41 > .kt-inside-inner-col{column-gap:var(--global-kb-gap-sm, 1rem);}.kadence-column3156_b9557c-41 > .kt-inside-inner-col{flex-direction:column;}.kadence-column3156_b9557c-41 > .kt-inside-inner-col > .aligncenter{width:100%;}.kadence-column3156_b9557c-41 > .kt-inside-inner-col:before{opacity:0.3;}.kadence-column3156_b9557c-41{position:relative;}@media all and (max-width: 1024px){.kadence-column3156_b9557c-41 > .kt-inside-inner-col{flex-direction:column;justify-content:center;}}@media all and (max-width: 767px){.kadence-column3156_b9557c-41 > .kt-inside-inner-col{flex-direction:column;justify-content:center;}}<\/style>\n<div class=\"wp-block-kadence-column kadence-column3156_b9557c-41\"><div class=\"kt-inside-inner-col\"><style>.kb-image3156_d3ec81-fa .kb-image-has-overlay:after{opacity:0.3;}<\/style>\n<figure class=\"wp-block-kadence-image kb-image3156_d3ec81-fa\"><img data-recalc-dims=\"1\" loading=\"lazy\" decoding=\"async\" width=\"800\" height=\"534\" data-attachment-id=\"6749\" data-permalink=\"https:\/\/santedentaireso.com\/en\/greffe-de-gencive\/greve-gencives\/\" data-orig-file=\"https:\/\/i0.wp.com\/santedentaireso.com\/wp-content\/uploads\/2026\/01\/greve-gencives.jpg?fit=800%2C534&amp;ssl=1\" data-orig-size=\"800,534\" data-comments-opened=\"1\" data-image-meta=\"{&quot;aperture&quot;:&quot;0&quot;,&quot;credit&quot;:&quot;&quot;,&quot;camera&quot;:&quot;&quot;,&quot;caption&quot;:&quot;&quot;,&quot;created_timestamp&quot;:&quot;0&quot;,&quot;copyright&quot;:&quot;&quot;,&quot;focal_length&quot;:&quot;0&quot;,&quot;iso&quot;:&quot;0&quot;,&quot;shutter_speed&quot;:&quot;0&quot;,&quot;title&quot;:&quot;&quot;,&quot;orientation&quot;:&quot;0&quot;}\" data-image-title=\"greve gencives montreal\" data-image-description=\"\" data-image-caption=\"\" data-large-file=\"https:\/\/i0.wp.com\/santedentaireso.com\/wp-content\/uploads\/2026\/01\/greve-gencives.jpg?fit=800%2C534&amp;ssl=1\" src=\"https:\/\/i0.wp.com\/santedentaireso.com\/wp-content\/uploads\/2026\/01\/greve-gencives.jpg?resize=800%2C534&#038;ssl=1\" class=\"kb-img wp-image-6749\" srcset=\"https:\/\/i0.wp.com\/santedentaireso.com\/wp-content\/uploads\/2026\/01\/greve-gencives.jpg?w=800&amp;ssl=1 800w, https:\/\/i0.wp.com\/santedentaireso.com\/wp-content\/uploads\/2026\/01\/greve-gencives.jpg?resize=300%2C200&amp;ssl=1 300w, https:\/\/i0.wp.com\/santedentaireso.com\/wp-content\/uploads\/2026\/01\/greve-gencives.jpg?resize=768%2C513&amp;ssl=1 768w, https:\/\/i0.wp.com\/santedentaireso.com\/wp-content\/uploads\/2026\/01\/greve-gencives.jpg?resize=18%2C12&amp;ssl=1 18w\" sizes=\"auto, (max-width: 800px) 100vw, 800px\" \/><\/figure>\n<\/div><\/div>\n\n<\/div><\/div>\n\n\n<p>Objectifs des greffes de gencive :<\/p>\n\n\n\n<ul class=\"wp-block-list\">\n<li>Augmenter l&rsquo;\u00e9paisseur de la gencive : Certains patients pr\u00e9sentent une gencive fine qui peut \u00eatre dommageable \u00e0 la sant\u00e9 dentaire. Les greffes de gencive peuvent augmenter l&rsquo;\u00e9paisseur du tissu gingival pour am\u00e9liorer la protection des dents et l&rsquo;esth\u00e9tique du sourire.<\/li>\n\n\n\n<li>Couvrir les racines expos\u00e9es : Les racines expos\u00e9es peuvent r\u00e9sulter de la r\u00e9cession gingivale, qui peut \u00eatre caus\u00e9e par une maladie parodontale, une malposition dentaire, du serrement ou grincement ou d&rsquo;autres facteurs. Les greffes de gencive peuvent aider \u00e0 couvrir les racines expos\u00e9es, r\u00e9duisant ainsi la sensibilit\u00e9 dentaire et am\u00e9liorant l&rsquo;esth\u00e9tique du sourire.<\/li>\n\n\n\n<li>Pr\u00e9parer le site pour d&rsquo;autres traitements dentaires : Les greffes de gencive peuvent \u00eatre r\u00e9alis\u00e9es avant des proc\u00e9dures telles que la pose d&rsquo;implants dentaires ou la pr\u00e9paration pour des restaurations dentaires afin d&rsquo;optimiser les r\u00e9sultats cliniques.<\/li>\n<\/ul>\n\n\n\n<p>Types de greffes de gencive :<\/p>\n\n\n\n<ul class=\"wp-block-list\">\n<li>Greffes de tissu conjonctif : Lors de cette proc\u00e9dure, le chirurgien pr\u00e9l\u00e8ve une fine couche de tissu conjonctif de la partie palatine (du palais) du patient, puis l&rsquo;utilise pour couvrir la zone de gencive \u00e0 traiter.<\/li>\n\n\n\n<li>Greffes de gencive libre : Le chirurgien pr\u00e9l\u00e8ve un morceau de tissu gingival de la partie palatine, puis le place directement sur la zone de gencive \u00e0 traiter.<\/li>\n\n\n\n<li>Greffes de gencive p\u00e9dicul\u00e9e : Dans cette technique, le tissu gingival est pr\u00e9lev\u00e9 dans une zone adjacente \u00e0 la zone de traitement et est d\u00e9plac\u00e9 pour couvrir la zone de gencive \u00e0 traiter. Cette m\u00e9thode est souvent utilis\u00e9e lorsque la zone donneuse est proche de la zone receveuse et poss\u00e8de de la gencive en quantit\u00e9 suffisante.<\/li>\n<\/ul>\n\n\n<style>.kb-row-layout-id3156_5fb624-dc > .kt-row-column-wrap{align-content:start;}:where(.kb-row-layout-id3156_5fb624-dc > .kt-row-column-wrap) > .wp-block-kadence-column{justify-content:start;}.kb-row-layout-id3156_5fb624-dc > .kt-row-column-wrap{column-gap:var(--global-kb-gap-md, 2rem);row-gap:var(--global-kb-gap-md, 2rem);padding-top:var(--global-kb-spacing-sm, 1.5rem);padding-bottom:var(--global-kb-spacing-sm, 1.5rem);grid-template-columns:minmax(0, 1fr);}.kb-row-layout-id3156_5fb624-dc > .kt-row-layout-overlay{opacity:0.30;}@media all and (max-width: 1024px){.kb-row-layout-id3156_5fb624-dc > .kt-row-column-wrap{grid-template-columns:minmax(0, 1fr);}}@media all and (max-width: 767px){.kb-row-layout-id3156_5fb624-dc > .kt-row-column-wrap{grid-template-columns:minmax(0, 1fr);}}<\/style><div class=\"kb-row-layout-wrap kb-row-layout-id3156_5fb624-dc alignnone wp-block-kadence-rowlayout\"><div class=\"kt-row-column-wrap kt-has-1-columns kt-row-layout-equal kt-tab-layout-inherit kt-mobile-layout-row kt-row-valign-top\">\n<style>.kadence-column3156_5b4c35-44 > .kt-inside-inner-col,.kadence-column3156_5b4c35-44 > .kt-inside-inner-col:before{border-top-left-radius:0px;border-top-right-radius:0px;border-bottom-right-radius:0px;border-bottom-left-radius:0px;}.kadence-column3156_5b4c35-44 > .kt-inside-inner-col{column-gap:var(--global-kb-gap-sm, 1rem);}.kadence-column3156_5b4c35-44 > .kt-inside-inner-col{flex-direction:column;}.kadence-column3156_5b4c35-44 > .kt-inside-inner-col > .aligncenter{width:100%;}.kadence-column3156_5b4c35-44 > .kt-inside-inner-col:before{opacity:0.3;}.kadence-column3156_5b4c35-44{position:relative;}@media all and (max-width: 1024px){.kadence-column3156_5b4c35-44 > .kt-inside-inner-col{flex-direction:column;justify-content:center;}}@media all and (max-width: 767px){.kadence-column3156_5b4c35-44 > .kt-inside-inner-col{flex-direction:column;justify-content:center;}}<\/style>\n<div class=\"wp-block-kadence-column kadence-column3156_5b4c35-44\"><div class=\"kt-inside-inner-col\"><style>.wp-block-kadence-advancedheading.kt-adv-heading3156_390df8-49, .wp-block-kadence-advancedheading.kt-adv-heading3156_390df8-49[data-kb-block=\"kb-adv-heading3156_390df8-49\"]{margin-bottom:var(--global-kb-spacing-xs, 1rem);text-align:center;font-style:normal;text-transform:uppercase;}.wp-block-kadence-advancedheading.kt-adv-heading3156_390df8-49 mark.kt-highlight, .wp-block-kadence-advancedheading.kt-adv-heading3156_390df8-49[data-kb-block=\"kb-adv-heading3156_390df8-49\"] mark.kt-highlight{font-style:normal;color:#f76a0c;-webkit-box-decoration-break:clone;box-decoration-break:clone;padding-top:0px;padding-right:0px;padding-bottom:0px;padding-left:0px;}.wp-block-kadence-advancedheading.kt-adv-heading3156_390df8-49 img.kb-inline-image, .wp-block-kadence-advancedheading.kt-adv-heading3156_390df8-49[data-kb-block=\"kb-adv-heading3156_390df8-49\"] img.kb-inline-image{width:150px;vertical-align:baseline;}<\/style>\n<h3 class=\"kt-adv-heading3156_390df8-49 wp-block-kadence-advancedheading has-theme-palette-1-color has-text-color\" data-kb-block=\"kb-adv-heading3156_390df8-49\">Prenez rendez-vous d\u00e8s aujourd&rsquo;hui<\/h3>\n\n\n\n<p class=\"has-text-align-center has-lg-font-size\">Nos dentistes \u00e9valuent la sant\u00e9 de vos gencives, la cause de la r\u00e9cession et vous proposent un plan de traitement personnalis\u00e9 afin de prot\u00e9ger vos dents et d&rsquo;am\u00e9liorer le confort et l\u2019esth\u00e9tique de votre sourire.<\/p>\n\n\n<style>.wp-block-kadence-advancedbtn.kb-btns3156_e8c217-09{gap:var(--global-kb-gap-xs, 0.5rem );justify-content:center;align-items:center;}.kt-btns3156_e8c217-09 .kt-button{font-weight:normal;font-style:normal;}.kt-btns3156_e8c217-09 .kt-btn-wrap-0{margin-right:5px;}.wp-block-kadence-advancedbtn.kt-btns3156_e8c217-09 .kt-btn-wrap-0 .kt-button{color:#555555;border-color:#555555;}.wp-block-kadence-advancedbtn.kt-btns3156_e8c217-09 .kt-btn-wrap-0 .kt-button:hover, .wp-block-kadence-advancedbtn.kt-btns3156_e8c217-09 .kt-btn-wrap-0 .kt-button:focus{color:#ffffff;border-color:#444444;}.wp-block-kadence-advancedbtn.kt-btns3156_e8c217-09 .kt-btn-wrap-0 .kt-button::before{display:none;}.wp-block-kadence-advancedbtn.kt-btns3156_e8c217-09 .kt-btn-wrap-0 .kt-button:hover, .wp-block-kadence-advancedbtn.kt-btns3156_e8c217-09 .kt-btn-wrap-0 .kt-button:focus{background:#444444;}<\/style>\n<div class=\"wp-block-kadence-advancedbtn kb-buttons-wrap kb-btns3156_e8c217-09\"><style>ul.menu .wp-block-kadence-advancedbtn .kb-btn3156_03e094-30.kb-button{width:initial;}<\/style><a class=\"kb-button kt-button button kb-btn3156_03e094-30 kt-btn-size-standard kt-btn-width-type-auto kb-btn-global-inherit  kt-btn-has-text-true kt-btn-has-svg-false  wp-block-button__link wp-block-kadence-singlebtn\" href=\"https:\/\/santedentaireso.com\/contact\/\"><span class=\"kt-btn-inner-text\">Prendre rendez-vous<\/span><\/a><\/div>\n<\/div><\/div>\n\n<\/div><\/div>\n\n\n<p class=\"has-theme-palette-7-color has-text-color\">greffe de genvices \/ dentiste greffe de gencives \/ greffe gingivale \/ contrer la r\u00e9cession gingivale \/ greffe dentaire gencive \/ solution d\u00e9chaussement des dents \/ greffe de gencives ville-\u00e9mard \/ dents d\u00e9chauss\u00e9es<\/p>\n","protected":false},"excerpt":{"rendered":"<p>Greffe de gencive Les greffes de gencive, \u00e9galement connues sous le nom de greffes de tissus gingivaux, sont des proc\u00e9dures chirurgicales qui visent \u00e0 restaurer ou \u00e0 augmenter le tissu gingival. Voici quelques informations sur les greffes de gencive : Objectifs des greffes de gencive : Types de greffes de gencive : Prenez rendez-vous d\u00e8s&#8230;<\/p>","protected":false},"author":1,"featured_media":0,"parent":0,"menu_order":0,"comment_status":"closed","ping_status":"closed","template":"","meta":{"_kad_post_transparent":"","_kad_post_title":"hide","_kad_post_layout":"","_kad_post_sidebar_id":"","_kad_post_content_style":"unboxed","_kad_post_vertical_padding":"","_kad_post_feature":"","_kad_post_feature_position":"","_kad_post_header":false,"_kad_post_footer":false,"footnotes":""},"class_list":["post-3156","page","type-page","status-publish","hentry"],"yoast_head":"<!-- This site is optimized with the Yoast SEO plugin v27.4 - https:\/\/yoast.com\/product\/yoast-seo-wordpress\/ -->\n<title>Greffe de gencive -<\/title>\n<meta name=\"robots\" content=\"index, follow, max-snippet:-1, max-image-preview:large, max-video-preview:-1\" \/>\n<link rel=\"canonical\" href=\"https:\/\/santedentaireso.com\/en\/greffe-de-gencive\/\" \/>\n<meta property=\"og:locale\" content=\"en_US\" \/>\n<meta property=\"og:type\" content=\"article\" \/>\n<meta property=\"og:title\" content=\"Greffe de gencive -\" \/>\n<meta property=\"og:description\" content=\"Greffe de gencive Les greffes de gencive, \u00e9galement connues sous le nom de greffes de tissus gingivaux, sont des proc\u00e9dures chirurgicales qui visent \u00e0 restaurer ou \u00e0 augmenter le tissu gingival. Voici quelques informations sur les greffes de gencive : Objectifs des greffes de gencive : Types de greffes de gencive : Prenez rendez-vous d\u00e8s...\" \/>\n<meta property=\"og:url\" content=\"https:\/\/santedentaireso.com\/en\/greffe-de-gencive\/\" \/>\n<meta property=\"article:publisher\" content=\"https:\/\/www.facebook.com\/santedentaireSO\/\" \/>\n<meta property=\"article:modified_time\" content=\"2026-01-08T19:21:29+00:00\" \/>\n<meta property=\"og:image\" content=\"https:\/\/santedentaireso.com\/wp-content\/uploads\/2026\/01\/greve-gencives.jpg\" \/>\n<meta name=\"twitter:card\" content=\"summary_large_image\" \/>\n<meta name=\"twitter:label1\" content=\"Est. reading time\" \/>\n\t<meta name=\"twitter:data1\" content=\"3 minutes\" \/>\n<script type=\"application\/ld+json\" class=\"yoast-schema-graph\">{\"@context\":\"https:\\\/\\\/schema.org\",\"@graph\":[{\"@type\":\"WebPage\",\"@id\":\"https:\\\/\\\/santedentaireso.com\\\/greffe-de-gencive\\\/\",\"url\":\"https:\\\/\\\/santedentaireso.com\\\/greffe-de-gencive\\\/\",\"name\":\"Greffe de gencive -\",\"isPartOf\":{\"@id\":\"https:\\\/\\\/santedentaireso.com\\\/#website\"},\"primaryImageOfPage\":{\"@id\":\"https:\\\/\\\/santedentaireso.com\\\/greffe-de-gencive\\\/#primaryimage\"},\"image\":{\"@id\":\"https:\\\/\\\/santedentaireso.com\\\/greffe-de-gencive\\\/#primaryimage\"},\"thumbnailUrl\":\"https:\\\/\\\/santedentaireso.com\\\/wp-content\\\/uploads\\\/2026\\\/01\\\/greve-gencives.jpg\",\"datePublished\":\"2023-05-27T20:53:46+00:00\",\"dateModified\":\"2026-01-08T19:21:29+00:00\",\"breadcrumb\":{\"@id\":\"https:\\\/\\\/santedentaireso.com\\\/greffe-de-gencive\\\/#breadcrumb\"},\"inLanguage\":\"en-CA\",\"potentialAction\":[{\"@type\":\"ReadAction\",\"target\":[\"https:\\\/\\\/santedentaireso.com\\\/greffe-de-gencive\\\/\"]}]},{\"@type\":\"ImageObject\",\"inLanguage\":\"en-CA\",\"@id\":\"https:\\\/\\\/santedentaireso.com\\\/greffe-de-gencive\\\/#primaryimage\",\"url\":\"https:\\\/\\\/santedentaireso.com\\\/wp-content\\\/uploads\\\/2026\\\/01\\\/greve-gencives.jpg\",\"contentUrl\":\"https:\\\/\\\/santedentaireso.com\\\/wp-content\\\/uploads\\\/2026\\\/01\\\/greve-gencives.jpg\"},{\"@type\":\"BreadcrumbList\",\"@id\":\"https:\\\/\\\/santedentaireso.com\\\/greffe-de-gencive\\\/#breadcrumb\",\"itemListElement\":[{\"@type\":\"ListItem\",\"position\":1,\"name\":\"Accueil\",\"item\":\"https:\\\/\\\/santedentaireso.com\\\/\"},{\"@type\":\"ListItem\",\"position\":2,\"name\":\"Greffe de gencive\"}]},{\"@type\":\"WebSite\",\"@id\":\"https:\\\/\\\/santedentaireso.com\\\/#website\",\"url\":\"https:\\\/\\\/santedentaireso.com\\\/\",\"name\":\"\",\"description\":\"Votre clinique dentaire dans le sud-ouest de Montr\u00e9al\",\"publisher\":{\"@id\":\"https:\\\/\\\/santedentaireso.com\\\/#organization\"},\"potentialAction\":[{\"@type\":\"SearchAction\",\"target\":{\"@type\":\"EntryPoint\",\"urlTemplate\":\"https:\\\/\\\/santedentaireso.com\\\/?s={search_term_string}\"},\"query-input\":{\"@type\":\"PropertyValueSpecification\",\"valueRequired\":true,\"valueName\":\"search_term_string\"}}],\"inLanguage\":\"en-CA\"},{\"@type\":\"Organization\",\"@id\":\"https:\\\/\\\/santedentaireso.com\\\/#organization\",\"name\":\"Sant\u00e9 dentaire SO\",\"url\":\"https:\\\/\\\/santedentaireso.com\\\/\",\"logo\":{\"@type\":\"ImageObject\",\"inLanguage\":\"en-CA\",\"@id\":\"https:\\\/\\\/santedentaireso.com\\\/#\\\/schema\\\/logo\\\/image\\\/\",\"url\":\"https:\\\/\\\/i0.wp.com\\\/santedentaireso.com\\\/wp-content\\\/uploads\\\/2021\\\/05\\\/cropped-cropped-Capture-decran-le-2021-05-26-a-16.19.35.png?fit=400%2C400&ssl=1\",\"contentUrl\":\"https:\\\/\\\/i0.wp.com\\\/santedentaireso.com\\\/wp-content\\\/uploads\\\/2021\\\/05\\\/cropped-cropped-Capture-decran-le-2021-05-26-a-16.19.35.png?fit=400%2C400&ssl=1\",\"width\":400,\"height\":400,\"caption\":\"Sant\u00e9 dentaire SO\"},\"image\":{\"@id\":\"https:\\\/\\\/santedentaireso.com\\\/#\\\/schema\\\/logo\\\/image\\\/\"},\"sameAs\":[\"https:\\\/\\\/www.facebook.com\\\/santedentaireSO\\\/\"]}]}<\/script>\n<!-- \/ Yoast SEO plugin. -->","yoast_head_json":{"title":"Greffe de gencive -","robots":{"index":"index","follow":"follow","max-snippet":"max-snippet:-1","max-image-preview":"max-image-preview:large","max-video-preview":"max-video-preview:-1"},"canonical":"https:\/\/santedentaireso.com\/en\/greffe-de-gencive\/","og_locale":"en_US","og_type":"article","og_title":"Greffe de gencive -","og_description":"Greffe de gencive Les greffes de gencive, \u00e9galement connues sous le nom de greffes de tissus gingivaux, sont des proc\u00e9dures chirurgicales qui visent \u00e0 restaurer ou \u00e0 augmenter le tissu gingival. Voici quelques informations sur les greffes de gencive : Objectifs des greffes de gencive : Types de greffes de gencive : Prenez rendez-vous d\u00e8s...","og_url":"https:\/\/santedentaireso.com\/en\/greffe-de-gencive\/","article_publisher":"https:\/\/www.facebook.com\/santedentaireSO\/","article_modified_time":"2026-01-08T19:21:29+00:00","og_image":[{"url":"https:\/\/santedentaireso.com\/wp-content\/uploads\/2026\/01\/greve-gencives.jpg","type":"","width":"","height":""}],"twitter_card":"summary_large_image","twitter_misc":{"Est. reading time":"3 minutes"},"schema":{"@context":"https:\/\/schema.org","@graph":[{"@type":"WebPage","@id":"https:\/\/santedentaireso.com\/greffe-de-gencive\/","url":"https:\/\/santedentaireso.com\/greffe-de-gencive\/","name":"Greffe de gencive -","isPartOf":{"@id":"https:\/\/santedentaireso.com\/#website"},"primaryImageOfPage":{"@id":"https:\/\/santedentaireso.com\/greffe-de-gencive\/#primaryimage"},"image":{"@id":"https:\/\/santedentaireso.com\/greffe-de-gencive\/#primaryimage"},"thumbnailUrl":"https:\/\/santedentaireso.com\/wp-content\/uploads\/2026\/01\/greve-gencives.jpg","datePublished":"2023-05-27T20:53:46+00:00","dateModified":"2026-01-08T19:21:29+00:00","breadcrumb":{"@id":"https:\/\/santedentaireso.com\/greffe-de-gencive\/#breadcrumb"},"inLanguage":"en-CA","potentialAction":[{"@type":"ReadAction","target":["https:\/\/santedentaireso.com\/greffe-de-gencive\/"]}]},{"@type":"ImageObject","inLanguage":"en-CA","@id":"https:\/\/santedentaireso.com\/greffe-de-gencive\/#primaryimage","url":"https:\/\/santedentaireso.com\/wp-content\/uploads\/2026\/01\/greve-gencives.jpg","contentUrl":"https:\/\/santedentaireso.com\/wp-content\/uploads\/2026\/01\/greve-gencives.jpg"},{"@type":"BreadcrumbList","@id":"https:\/\/santedentaireso.com\/greffe-de-gencive\/#breadcrumb","itemListElement":[{"@type":"ListItem","position":1,"name":"Accueil","item":"https:\/\/santedentaireso.com\/"},{"@type":"ListItem","position":2,"name":"Greffe de gencive"}]},{"@type":"WebSite","@id":"https:\/\/santedentaireso.com\/#website","url":"https:\/\/santedentaireso.com\/","name":"","description":"Votre clinique dentaire dans le sud-ouest de Montr\u00e9al","publisher":{"@id":"https:\/\/santedentaireso.com\/#organization"},"potentialAction":[{"@type":"SearchAction","target":{"@type":"EntryPoint","urlTemplate":"https:\/\/santedentaireso.com\/?s={search_term_string}"},"query-input":{"@type":"PropertyValueSpecification","valueRequired":true,"valueName":"search_term_string"}}],"inLanguage":"en-CA"},{"@type":"Organization","@id":"https:\/\/santedentaireso.com\/#organization","name":"Sant\u00e9 dentaire SO","url":"https:\/\/santedentaireso.com\/","logo":{"@type":"ImageObject","inLanguage":"en-CA","@id":"https:\/\/santedentaireso.com\/#\/schema\/logo\/image\/","url":"https:\/\/i0.wp.com\/santedentaireso.com\/wp-content\/uploads\/2021\/05\/cropped-cropped-Capture-decran-le-2021-05-26-a-16.19.35.png?fit=400%2C400&ssl=1","contentUrl":"https:\/\/i0.wp.com\/santedentaireso.com\/wp-content\/uploads\/2021\/05\/cropped-cropped-Capture-decran-le-2021-05-26-a-16.19.35.png?fit=400%2C400&ssl=1","width":400,"height":400,"caption":"Sant\u00e9 dentaire SO"},"image":{"@id":"https:\/\/santedentaireso.com\/#\/schema\/logo\/image\/"},"sameAs":["https:\/\/www.facebook.com\/santedentaireSO\/"]}]}},"jetpack_sharing_enabled":true,"jetpack_shortlink":"https:\/\/wp.me\/Pa5GJh-OU","jetpack_likes_enabled":false,"_links":{"self":[{"href":"https:\/\/santedentaireso.com\/en\/wp-json\/wp\/v2\/pages\/3156","targetHints":{"allow":["GET"]}}],"collection":[{"href":"https:\/\/santedentaireso.com\/en\/wp-json\/wp\/v2\/pages"}],"about":[{"href":"https:\/\/santedentaireso.com\/en\/wp-json\/wp\/v2\/types\/page"}],"author":[{"embeddable":true,"href":"https:\/\/santedentaireso.com\/en\/wp-json\/wp\/v2\/users\/1"}],"replies":[{"embeddable":true,"href":"https:\/\/santedentaireso.com\/en\/wp-json\/wp\/v2\/comments?post=3156"}],"version-history":[{"count":44,"href":"https:\/\/santedentaireso.com\/en\/wp-json\/wp\/v2\/pages\/3156\/revisions"}],"predecessor-version":[{"id":6768,"href":"https:\/\/santedentaireso.com\/en\/wp-json\/wp\/v2\/pages\/3156\/revisions\/6768"}],"wp:attachment":[{"href":"https:\/\/santedentaireso.com\/en\/wp-json\/wp\/v2\/media?parent=3156"}],"curies":[{"name":"wp","href":"https:\/\/api.w.org\/{rel}","templated":true}]}}